{"id":427,"date":"2023-02-04T18:03:18","date_gmt":"2023-02-04T17:03:18","guid":{"rendered":"http:\/\/wordpress.p634997.webspaceconfig.de\/?page_id=427"},"modified":"2025-03-06T12:57:27","modified_gmt":"2025-03-06T11:57:27","slug":"ueber-uns","status":"publish","type":"page","link":"https:\/\/www.hotel-villa-bosco.de\/de\/ueber-uns\/","title":{"rendered":"\u00dcber uns"},"content":{"rendered":"\t\t<div data-elementor-type=\"wp-page\" data-elementor-id=\"427\" class=\"elementor elementor-427\" data-elementor-settings=\"{&quot;element_pack_global_tooltip_width&quot;:{&quot;unit&quot;:&quot;px&quot;,&quot;size&quot;:&quot;&quot;,&quot;sizes&quot;:[]},&quot;element_pack_global_tooltip_width_tablet&quot;:{&quot;unit&quot;:&quot;px&quot;,&quot;size&quot;:&quot;&quot;,&quot;sizes&quot;:[]},&quot;element_pack_global_tooltip_width_mobile&quot;:{&quot;unit&quot;:&quot;px&quot;,&quot;size&quot;:&quot;&quot;,&quot;sizes&quot;:[]},&quot;element_pack_global_tooltip_padding&quot;:{&quot;unit&quot;:&quot;px&quot;,&quot;top&quot;:&quot;&quot;,&quot;right&quot;:&quot;&quot;,&quot;bottom&quot;:&quot;&quot;,&quot;left&quot;:&quot;&quot;,&quot;isLinked&quot;:true},&quot;element_pack_global_tooltip_padding_tablet&quot;:{&quot;unit&quot;:&quot;px&quot;,&quot;top&quot;:&quot;&quot;,&quot;right&quot;:&quot;&quot;,&quot;bottom&quot;:&quot;&quot;,&quot;left&quot;:&quot;&quot;,&quot;isLinked&quot;:true},&quot;element_pack_global_tooltip_padding_mobile&quot;:{&quot;unit&quot;:&quot;px&quot;,&quot;top&quot;:&quot;&quot;,&quot;right&quot;:&quot;&quot;,&quot;bottom&quot;:&quot;&quot;,&quot;left&quot;:&quot;&quot;,&quot;isLinked&quot;:true},&quot;element_pack_global_tooltip_border_radius&quot;:{&quot;unit&quot;:&quot;px&quot;,&quot;top&quot;:&quot;&quot;,&quot;right&quot;:&quot;&quot;,&quot;bottom&quot;:&quot;&quot;,&quot;left&quot;:&quot;&quot;,&quot;isLinked&quot;:true},&quot;element_pack_global_tooltip_border_radius_tablet&quot;:{&quot;unit&quot;:&quot;px&quot;,&quot;top&quot;:&quot;&quot;,&quot;right&quot;:&quot;&quot;,&quot;bottom&quot;:&quot;&quot;,&quot;left&quot;:&quot;&quot;,&quot;isLinked&quot;:true},&quot;element_pack_global_tooltip_border_radius_mobile&quot;:{&quot;unit&quot;:&quot;px&quot;,&quot;top&quot;:&quot;&quot;,&quot;right&quot;:&quot;&quot;,&quot;bottom&quot;:&quot;&quot;,&quot;left&quot;:&quot;&quot;,&quot;isLinked&quot;:true}}\" data-elementor-post-type=\"page\">\n\t\t\t\t<div class=\"elementor-element elementor-element-696300b e-con-full e-flex e-con e-parent\" data-id=\"696300b\" data-element_type=\"container\" data-e-type=\"container\" data-settings=\"{&quot;background_background&quot;:&quot;classic&quot;}\">\n\t\t\t\t<\/div>\n\t\t<div class=\"elementor-element elementor-element-f7fa93b e-flex e-con-boxed e-con e-parent\" data-id=\"f7fa93b\" data-element_type=\"container\" data-e-type=\"container\" data-settings=\"{&quot;background_background&quot;:&quot;classic&quot;}\">\n\t\t\t\t\t<div class=\"e-con-inner\">\n\t\t<div class=\"elementor-element elementor-element-14da8f6 e-con-full e-flex e-con e-child\" data-id=\"14da8f6\" data-element_type=\"container\" data-e-type=\"container\">\n\t\t\t\t<div class=\"elementor-element elementor-element-556c396 elementor-widget elementor-widget-bdt-breadcrumbs\" data-id=\"556c396\" data-element_type=\"widget\" data-e-type=\"widget\" data-widget_type=\"bdt-breadcrumbs.default\">\n\t\t\t\t<div class=\"elementor-widget-container\">\n\t\t\t\t\t<div class='bdt-ep-breadcrumbs-wrapper'><ul class=\"bdt-ep-breadcrumb breadcrumb-align-left  \"><li><a href=\"https:\/\/www.hotel-villa-bosco.de\/de\/\">Hotel Villa Bosco<\/a><\/li>\n<li><span> \u00dcber uns<\/span><\/li>\n<\/ul><\/div>\t\t\t\t<\/div>\n\t\t\t\t<\/div>\n\t\t\t\t<\/div>\n\t\t\t\t\t<\/div>\n\t\t\t\t<\/div>\n\t\t<div class=\"elementor-element elementor-element-5c52788 e-flex e-con-boxed e-con e-parent\" data-id=\"5c52788\" data-element_type=\"container\" data-e-type=\"container\" data-settings=\"{&quot;background_background&quot;:&quot;classic&quot;}\">\n\t\t\t\t\t<div class=\"e-con-inner\">\n\t\t<div class=\"elementor-element elementor-element-b35bbad e-con-full e-flex e-con e-child\" data-id=\"b35bbad\" data-element_type=\"container\" data-e-type=\"container\">\n\t\t<div class=\"elementor-element elementor-element-7f4f08a e-con-full elementor-hidden-tablet elementor-hidden-mobile e-flex e-con e-child\" data-id=\"7f4f08a\" data-element_type=\"container\" data-e-type=\"container\">\n\t\t\t\t<div class=\"elementor-element elementor-element-65b903b elementor-nav-menu--dropdown-none elementor-widget elementor-widget-nav-menu\" data-id=\"65b903b\" data-element_type=\"widget\" data-e-type=\"widget\" data-settings=\"{&quot;layout&quot;:&quot;vertical&quot;,&quot;submenu_icon&quot;:{&quot;value&quot;:&quot;&lt;i class=\\&quot;fas fa-caret-down\\&quot; aria-hidden=\\&quot;true\\&quot;&gt;&lt;\\\/i&gt;&quot;,&quot;library&quot;:&quot;fa-solid&quot;}}\" data-widget_type=\"nav-menu.default\">\n\t\t\t\t<div class=\"elementor-widget-container\">\n\t\t\t\t\t\t\t\t<nav aria-label=\"Men\u00fc\" class=\"elementor-nav-menu--main elementor-nav-menu__container elementor-nav-menu--layout-vertical e--pointer-none\">\n\t\t\t\t<ul id=\"menu-1-65b903b\" class=\"elementor-nav-menu sm-vertical\"><li class=\"menu-item menu-item-type-post_type menu-item-object-page menu-item-1039\"><a href=\"https:\/\/www.hotel-villa-bosco.de\/de\/ueber-uns\/nachhaltigkeit\/\" class=\"elementor-item\">Nachhaltigkeit<\/a><\/li>\n<li class=\"menu-item menu-item-type-post_type menu-item-object-page menu-item-1040\"><a href=\"https:\/\/www.hotel-villa-bosco.de\/de\/ueber-uns\/unsere-villa\/\" class=\"elementor-item\">Unsere Villa<\/a><\/li>\n<li class=\"menu-item menu-item-type-post_type menu-item-object-page menu-item-1041\"><a href=\"https:\/\/www.hotel-villa-bosco.de\/de\/ueber-uns\/werte-visionen\/\" class=\"elementor-item\">Werte &#038; Visionen<\/a><\/li>\n<\/ul>\t\t\t<\/nav>\n\t\t\t\t\t\t<nav class=\"elementor-nav-menu--dropdown elementor-nav-menu__container\" aria-hidden=\"true\">\n\t\t\t\t<ul id=\"menu-2-65b903b\" class=\"elementor-nav-menu sm-vertical\"><li class=\"menu-item menu-item-type-post_type menu-item-object-page menu-item-1039\"><a href=\"https:\/\/www.hotel-villa-bosco.de\/de\/ueber-uns\/nachhaltigkeit\/\" class=\"elementor-item\" tabindex=\"-1\">Nachhaltigkeit<\/a><\/li>\n<li class=\"menu-item menu-item-type-post_type menu-item-object-page menu-item-1040\"><a href=\"https:\/\/www.hotel-villa-bosco.de\/de\/ueber-uns\/unsere-villa\/\" class=\"elementor-item\" tabindex=\"-1\">Unsere Villa<\/a><\/li>\n<li class=\"menu-item menu-item-type-post_type menu-item-object-page menu-item-1041\"><a href=\"https:\/\/www.hotel-villa-bosco.de\/de\/ueber-uns\/werte-visionen\/\" class=\"elementor-item\" tabindex=\"-1\">Werte &#038; Visionen<\/a><\/li>\n<\/ul>\t\t\t<\/nav>\n\t\t\t\t\t\t<\/div>\n\t\t\t\t<\/div>\n\t\t\t\t<\/div>\n\t\t<div class=\"elementor-element elementor-element-3fea210 e-con-full e-flex e-con e-child\" data-id=\"3fea210\" data-element_type=\"container\" data-e-type=\"container\">\n\t\t\t\t<div class=\"elementor-element elementor-element-91746b2 elementor-widget elementor-widget-heading\" data-id=\"91746b2\" data-element_type=\"widget\" data-e-type=\"widget\" data-widget_type=\"heading.default\">\n\t\t\t\t<div class=\"elementor-widget-container\">\n\t\t\t\t\t<h2 class=\"elementor-heading-title elementor-size-default\">Wir Familie Schreiber und unsere Vision einer einzigartigen Erlebniswelt voller <span style=\"color: var( --e-global-color-secondary );background-color: var( --e-global-color-bd15d8f )\">\u201c<\/span><span style=\"color: var( --e-global-color-secondary );background-color: var( --e-global-color-bd15d8f )\">La Dolce Vita\u201c <\/span><br><\/h2>\t\t\t\t<\/div>\n\t\t\t\t<\/div>\n\t\t\t\t<div class=\"elementor-element elementor-element-70276f8 elementor-widget elementor-widget-text-editor\" data-id=\"70276f8\" data-element_type=\"widget\" data-e-type=\"widget\" data-widget_type=\"text-editor.default\">\n\t\t\t\t<div class=\"elementor-widget-container\">\n\t\t\t\t\t\t\t\t\t<p>Die Idee, ein Hotel zu schaffen, das anders sein sollte als die anderen, ging im Jahr 2002 mit 80 Zimmer an den Start. Es war wohl die Liebe zum Bauen und Gestalten, die uns als Quereinsteiger diese gro\u00dfe Herausforderung annehmen lie\u00df. Von der Planung \u00fcber die Ausf\u00fchrung bis hin zur Einrichtung und Inbetriebnahme, alles wurde von unserer Familie \u00fcbernommen.\u00a0<\/p><p>Heute ist aus diesen Anf\u00e4ngen eine mediterrane Erlebniswelt entstanden, die das Beste von\u00a0La Dolce Vita\u00a0einf\u00e4ngt: die\u00a0<a href=\"https:\/\/www.villa-collection.de\/de\/ihre-collection\/\"><span style=\"text-decoration: underline;\"><strong>Villa Collection<\/strong><\/span><\/a>. Diese umfasst drei exquisit gestaltete Hotels \u2013 die\u00a0<a href=\"https:\/\/www.hotel-villa-toskana.de\/de\/home\" target=\"_blank\" rel=\"noopener\"><span style=\"text-decoration: underline;\"><strong>Villa Toskana<\/strong><\/span><\/a>\u00a0in Leimen mit \u00fcber 320 Zimmern, mittlerweile das gr\u00f6\u00dfte privat gef\u00fchrte Hotel der Metropolregion Rhein-Neckar, sowie die\u00a0<a href=\"https:\/\/www.hotel-villa-medici.de\/de\/home\" target=\"_blank\" rel=\"noopener\"><span style=\"text-decoration: underline;\"><strong>Villa Medici<\/strong><\/span><\/a>\u00a0in Bad Sch\u00f6nborn und die\u00a0<span style=\"text-decoration: underline;\"><strong><a href=\"https:\/\/www.hotel-villa-bosco.de\/de\/\" target=\"_blank\" rel=\"noopener\">Villa Bosco<\/a><\/strong><\/span>\u00a0in Walldorf. Zur\u00a0Villa Toskana\u00a0in Leimen geh\u00f6ren zudem die\u00a0<span style=\"text-decoration: underline;\"><strong><a href=\"https:\/\/www.villa-divino.de\/\" target=\"_blank\" rel=\"noopener\">Vinothek Villa di Vino<\/a><\/strong><\/span>\u00a0und der\u00a0<a href=\"https:\/\/store-villa-oliva.de\/\" target=\"_blank\" rel=\"noopener\"><span style=\"text-decoration: underline;\"><strong>Concept Store Villa Oliva<\/strong><\/span><\/a>,\u00a0die das mediterrane Lebensgef\u00fchl perfekt abrunden.<\/p><p>Ein besonderes Herzensprojekt ist unser neuestes Highlight:<strong>\u00a0<a href=\"https:\/\/www.vista-spa.de\/\" target=\"_blank\" rel=\"noopener\"><span style=\"text-decoration: underline;\">VISTA SPA<\/span><\/a> <\/strong>&#8211; eine luxuri\u00f6se Wellness-Oase auf \u00fcber 3.000 qm in der Villa Toskana. Hier vereinen sich Entspannung, Genuss und Exklusivit\u00e4t zu einem einzigartigen Wohlf\u00fchlerlebnis.<\/p><p>Unser Wunsch, Menschen ein Zuhause auf Zeit zu geben, hat uns in den letzten 20 Jahren zu leidenschaftlichen Gastgebern gemacht. Wir lieben es, Menschen herzlich willkommen zu hei\u00dfen. Dabei stehen f\u00fcr uns insbesondere folgende Werte im Mittelpunkt:<\/p><ul><li><strong>Famili\u00e4r<\/strong> &#8211;\u00a0Ein Ort, an dem Herzlichkeit gelebt wird und sich jeder willkommen f\u00fchlt \u2013 wie in einer gro\u00dfen Familie.<\/li><li><strong>Wertvoll <\/strong>\u2013 Hochwertige Erlebnisse, gepr\u00e4gt von Liebe zum Detail, h\u00f6chsten Qualit\u00e4tsanspr\u00fcchen und echter Leidenschaft.<\/li><li><strong>Begeisternd <\/strong>\u2013 Wir schaffen besondere Momente, die in Erinnerung bleiben.<\/li><li><strong>Menschorientiert<\/strong> \u2013 Respekt, Herzlichkeit und Individualit\u00e4t pr\u00e4gen unser t\u00e4gliches Miteinander.<\/li><\/ul><p>Mit viel Kreativit\u00e4t und Flexibilit\u00e4t versuchen wir uns jeden Tag neu zu erfinden. Dabei haben das Wohl und die Zufriedenheit aller G\u00e4ste und Mitarbeiter h\u00f6chste Priorit\u00e4t.<\/p><p>Wir freuen uns, Sie in unserer\u00a0Villa Collection\u00a0willkommen zu hei\u00dfen und Ihre Gastgeber sein zu d\u00fcrfen!<\/p><p>Ihre Familie Schreiber<\/p>\t\t\t\t\t\t\t\t<\/div>\n\t\t\t\t<\/div>\n\t\t\t\t<\/div>\n\t\t\t\t<\/div>\n\t\t\t\t\t<\/div>\n\t\t\t\t<\/div>\n\t\t\t\t<\/div>\n\t\t","protected":false},"excerpt":{"rendered":"<p>Hotel Villa Bosco Seite Wir Familie Schreiber und unsere Vision einer einzigartigen Erlebniswelt voller \u201cLa Dolce Vita\u201c Die Idee, ein Hotel zu schaffen, das anders sein sollte als die anderen, ging im Jahr 2002 mit 80 Zimmer an den Start. Es war wohl die Liebe zum Bauen und Gestalten, die uns als Quereinsteiger diese gro\u00dfe [&hellip;]<\/p>\n","protected":false},"author":2,"featured_media":0,"parent":0,"menu_order":0,"comment_status":"closed","ping_status":"closed","template":"","meta":{"footnotes":""},"class_list":["post-427","page","type-page","status-publish","hentry"],"yoast_head":"<!-- This site is optimized with the Yoast SEO plugin v27.3 - https:\/\/yoast.com\/product\/yoast-seo-wordpress\/ -->\n<title>\u00dcber uns - Hotel Villa Bosco<\/title>\n<meta name=\"robots\" content=\"index, follow, max-snippet:-1, max-image-preview:large, max-video-preview:-1\" \/>\n<link rel=\"canonical\" href=\"https:\/\/www.hotel-villa-bosco.de\/de\/ueber-uns\/\" \/>\n<meta property=\"og:locale\" content=\"de_DE\" \/>\n<meta property=\"og:type\" content=\"article\" \/>\n<meta property=\"og:title\" content=\"\u00dcber uns - Hotel Villa Bosco\" \/>\n<meta property=\"og:description\" content=\"Hotel Villa Bosco Seite Wir Familie Schreiber und unsere Vision einer einzigartigen Erlebniswelt voller \u201cLa Dolce Vita\u201c Die Idee, ein Hotel zu schaffen, das anders sein sollte als die anderen, ging im Jahr 2002 mit 80 Zimmer an den Start. Es war wohl die Liebe zum Bauen und Gestalten, die uns als Quereinsteiger diese gro\u00dfe [&hellip;]\" \/>\n<meta property=\"og:url\" content=\"https:\/\/www.hotel-villa-bosco.de\/de\/ueber-uns\/\" \/>\n<meta property=\"og:site_name\" content=\"Hotel Villa Bosco\" \/>\n<meta property=\"article:modified_time\" content=\"2025-03-06T11:57:27+00:00\" \/>\n<meta name=\"twitter:card\" content=\"summary_large_image\" \/>\n<meta name=\"twitter:label1\" content=\"Gesch\u00e4tzte Lesezeit\" \/>\n\t<meta name=\"twitter:data1\" content=\"2\u00a0Minuten\" \/>\n<script type=\"application\/ld+json\" class=\"yoast-schema-graph\">{\"@context\":\"https:\\\/\\\/schema.org\",\"@graph\":[{\"@type\":\"WebPage\",\"@id\":\"https:\\\/\\\/www.hotel-villa-bosco.de\\\/de\\\/ueber-uns\\\/\",\"url\":\"https:\\\/\\\/www.hotel-villa-bosco.de\\\/de\\\/ueber-uns\\\/\",\"name\":\"\u00dcber uns - Hotel Villa Bosco\",\"isPartOf\":{\"@id\":\"https:\\\/\\\/www.hotel-villa-bosco.de\\\/de\\\/#website\"},\"datePublished\":\"2023-02-04T17:03:18+00:00\",\"dateModified\":\"2025-03-06T11:57:27+00:00\",\"breadcrumb\":{\"@id\":\"https:\\\/\\\/www.hotel-villa-bosco.de\\\/de\\\/ueber-uns\\\/#breadcrumb\"},\"inLanguage\":\"de\",\"potentialAction\":[{\"@type\":\"ReadAction\",\"target\":[\"https:\\\/\\\/www.hotel-villa-bosco.de\\\/de\\\/ueber-uns\\\/\"]}]},{\"@type\":\"BreadcrumbList\",\"@id\":\"https:\\\/\\\/www.hotel-villa-bosco.de\\\/de\\\/ueber-uns\\\/#breadcrumb\",\"itemListElement\":[{\"@type\":\"ListItem\",\"position\":1,\"name\":\"Startseite\",\"item\":\"https:\\\/\\\/www.hotel-villa-bosco.de\\\/de\\\/\"},{\"@type\":\"ListItem\",\"position\":2,\"name\":\"\u00dcber uns\"}]},{\"@type\":\"WebSite\",\"@id\":\"https:\\\/\\\/www.hotel-villa-bosco.de\\\/de\\\/#website\",\"url\":\"https:\\\/\\\/www.hotel-villa-bosco.de\\\/de\\\/\",\"name\":\"Hotel Villa Bosco\",\"description\":\"\",\"publisher\":{\"@id\":\"https:\\\/\\\/www.hotel-villa-bosco.de\\\/de\\\/#organization\"},\"potentialAction\":[{\"@type\":\"SearchAction\",\"target\":{\"@type\":\"EntryPoint\",\"urlTemplate\":\"https:\\\/\\\/www.hotel-villa-bosco.de\\\/de\\\/?s={search_term_string}\"},\"query-input\":{\"@type\":\"PropertyValueSpecification\",\"valueRequired\":true,\"valueName\":\"search_term_string\"}}],\"inLanguage\":\"de\"},{\"@type\":\"Organization\",\"@id\":\"https:\\\/\\\/www.hotel-villa-bosco.de\\\/de\\\/#organization\",\"name\":\"Hotel Villa Bosco\",\"url\":\"https:\\\/\\\/www.hotel-villa-bosco.de\\\/de\\\/\",\"logo\":{\"@type\":\"ImageObject\",\"inLanguage\":\"de\",\"@id\":\"https:\\\/\\\/www.hotel-villa-bosco.de\\\/de\\\/#\\\/schema\\\/logo\\\/image\\\/\",\"url\":\"https:\\\/\\\/www.hotel-villa-bosco.de\\\/wp-content\\\/uploads\\\/sites\\\/2\\\/2023\\\/01\\\/cropped-003-VB-Logo-Einfarbig-Ab2021.png\",\"contentUrl\":\"https:\\\/\\\/www.hotel-villa-bosco.de\\\/wp-content\\\/uploads\\\/sites\\\/2\\\/2023\\\/01\\\/cropped-003-VB-Logo-Einfarbig-Ab2021.png\",\"width\":703,\"height\":450,\"caption\":\"Hotel Villa Bosco\"},\"image\":{\"@id\":\"https:\\\/\\\/www.hotel-villa-bosco.de\\\/de\\\/#\\\/schema\\\/logo\\\/image\\\/\"}}]}<\/script>\n<!-- \/ Yoast SEO plugin. -->","yoast_head_json":{"title":"\u00dcber uns - Hotel Villa Bosco","robots":{"index":"index","follow":"follow","max-snippet":"max-snippet:-1","max-image-preview":"max-image-preview:large","max-video-preview":"max-video-preview:-1"},"canonical":"https:\/\/www.hotel-villa-bosco.de\/de\/ueber-uns\/","og_locale":"de_DE","og_type":"article","og_title":"\u00dcber uns - Hotel Villa Bosco","og_description":"Hotel Villa Bosco Seite Wir Familie Schreiber und unsere Vision einer einzigartigen Erlebniswelt voller \u201cLa Dolce Vita\u201c Die Idee, ein Hotel zu schaffen, das anders sein sollte als die anderen, ging im Jahr 2002 mit 80 Zimmer an den Start. Es war wohl die Liebe zum Bauen und Gestalten, die uns als Quereinsteiger diese gro\u00dfe [&hellip;]","og_url":"https:\/\/www.hotel-villa-bosco.de\/de\/ueber-uns\/","og_site_name":"Hotel Villa Bosco","article_modified_time":"2025-03-06T11:57:27+00:00","twitter_card":"summary_large_image","twitter_misc":{"Gesch\u00e4tzte Lesezeit":"2\u00a0Minuten"},"schema":{"@context":"https:\/\/schema.org","@graph":[{"@type":"WebPage","@id":"https:\/\/www.hotel-villa-bosco.de\/de\/ueber-uns\/","url":"https:\/\/www.hotel-villa-bosco.de\/de\/ueber-uns\/","name":"\u00dcber uns - Hotel Villa Bosco","isPartOf":{"@id":"https:\/\/www.hotel-villa-bosco.de\/de\/#website"},"datePublished":"2023-02-04T17:03:18+00:00","dateModified":"2025-03-06T11:57:27+00:00","breadcrumb":{"@id":"https:\/\/www.hotel-villa-bosco.de\/de\/ueber-uns\/#breadcrumb"},"inLanguage":"de","potentialAction":[{"@type":"ReadAction","target":["https:\/\/www.hotel-villa-bosco.de\/de\/ueber-uns\/"]}]},{"@type":"BreadcrumbList","@id":"https:\/\/www.hotel-villa-bosco.de\/de\/ueber-uns\/#breadcrumb","itemListElement":[{"@type":"ListItem","position":1,"name":"Startseite","item":"https:\/\/www.hotel-villa-bosco.de\/de\/"},{"@type":"ListItem","position":2,"name":"\u00dcber uns"}]},{"@type":"WebSite","@id":"https:\/\/www.hotel-villa-bosco.de\/de\/#website","url":"https:\/\/www.hotel-villa-bosco.de\/de\/","name":"Hotel Villa Bosco","description":"","publisher":{"@id":"https:\/\/www.hotel-villa-bosco.de\/de\/#organization"},"potentialAction":[{"@type":"SearchAction","target":{"@type":"EntryPoint","urlTemplate":"https:\/\/www.hotel-villa-bosco.de\/de\/?s={search_term_string}"},"query-input":{"@type":"PropertyValueSpecification","valueRequired":true,"valueName":"search_term_string"}}],"inLanguage":"de"},{"@type":"Organization","@id":"https:\/\/www.hotel-villa-bosco.de\/de\/#organization","name":"Hotel Villa Bosco","url":"https:\/\/www.hotel-villa-bosco.de\/de\/","logo":{"@type":"ImageObject","inLanguage":"de","@id":"https:\/\/www.hotel-villa-bosco.de\/de\/#\/schema\/logo\/image\/","url":"https:\/\/www.hotel-villa-bosco.de\/wp-content\/uploads\/sites\/2\/2023\/01\/cropped-003-VB-Logo-Einfarbig-Ab2021.png","contentUrl":"https:\/\/www.hotel-villa-bosco.de\/wp-content\/uploads\/sites\/2\/2023\/01\/cropped-003-VB-Logo-Einfarbig-Ab2021.png","width":703,"height":450,"caption":"Hotel Villa Bosco"},"image":{"@id":"https:\/\/www.hotel-villa-bosco.de\/de\/#\/schema\/logo\/image\/"}}]}},"_links":{"self":[{"href":"https:\/\/www.hotel-villa-bosco.de\/de\/wp-json\/wp\/v2\/pages\/427","targetHints":{"allow":["GET"]}}],"collection":[{"href":"https:\/\/www.hotel-villa-bosco.de\/de\/wp-json\/wp\/v2\/pages"}],"about":[{"href":"https:\/\/www.hotel-villa-bosco.de\/de\/wp-json\/wp\/v2\/types\/page"}],"author":[{"embeddable":true,"href":"https:\/\/www.hotel-villa-bosco.de\/de\/wp-json\/wp\/v2\/users\/2"}],"replies":[{"embeddable":true,"href":"https:\/\/www.hotel-villa-bosco.de\/de\/wp-json\/wp\/v2\/comments?post=427"}],"version-history":[{"count":67,"href":"https:\/\/www.hotel-villa-bosco.de\/de\/wp-json\/wp\/v2\/pages\/427\/revisions"}],"predecessor-version":[{"id":4767,"href":"https:\/\/www.hotel-villa-bosco.de\/de\/wp-json\/wp\/v2\/pages\/427\/revisions\/4767"}],"wp:attachment":[{"href":"https:\/\/www.hotel-villa-bosco.de\/de\/wp-json\/wp\/v2\/media?parent=427"}],"curies":[{"name":"wp","href":"https:\/\/api.w.org\/{rel}","templated":true}]}}