{"id":441,"date":"2023-02-05T17:32:42","date_gmt":"2023-02-05T16:32:42","guid":{"rendered":"http:\/\/wordpress.p634997.webspaceconfig.de\/?page_id=441"},"modified":"2026-02-10T16:43:30","modified_gmt":"2026-02-10T15:43:30","slug":"nachhaltigkeit","status":"publish","type":"page","link":"https:\/\/www.hotel-villa-bosco.de\/de\/ueber-uns\/nachhaltigkeit\/","title":{"rendered":"Nachhaltigkeit"},"content":{"rendered":"\t\t<div data-elementor-type=\"wp-page\" data-elementor-id=\"441\" class=\"elementor elementor-441\" data-elementor-settings=\"{&quot;element_pack_global_tooltip_width&quot;:{&quot;unit&quot;:&quot;px&quot;,&quot;size&quot;:&quot;&quot;,&quot;sizes&quot;:[]},&quot;element_pack_global_tooltip_width_tablet&quot;:{&quot;unit&quot;:&quot;px&quot;,&quot;size&quot;:&quot;&quot;,&quot;sizes&quot;:[]},&quot;element_pack_global_tooltip_width_mobile&quot;:{&quot;unit&quot;:&quot;px&quot;,&quot;size&quot;:&quot;&quot;,&quot;sizes&quot;:[]},&quot;element_pack_global_tooltip_padding&quot;:{&quot;unit&quot;:&quot;px&quot;,&quot;top&quot;:&quot;&quot;,&quot;right&quot;:&quot;&quot;,&quot;bottom&quot;:&quot;&quot;,&quot;left&quot;:&quot;&quot;,&quot;isLinked&quot;:true},&quot;element_pack_global_tooltip_padding_tablet&quot;:{&quot;unit&quot;:&quot;px&quot;,&quot;top&quot;:&quot;&quot;,&quot;right&quot;:&quot;&quot;,&quot;bottom&quot;:&quot;&quot;,&quot;left&quot;:&quot;&quot;,&quot;isLinked&quot;:true},&quot;element_pack_global_tooltip_padding_mobile&quot;:{&quot;unit&quot;:&quot;px&quot;,&quot;top&quot;:&quot;&quot;,&quot;right&quot;:&quot;&quot;,&quot;bottom&quot;:&quot;&quot;,&quot;left&quot;:&quot;&quot;,&quot;isLinked&quot;:true},&quot;element_pack_global_tooltip_border_radius&quot;:{&quot;unit&quot;:&quot;px&quot;,&quot;top&quot;:&quot;&quot;,&quot;right&quot;:&quot;&quot;,&quot;bottom&quot;:&quot;&quot;,&quot;left&quot;:&quot;&quot;,&quot;isLinked&quot;:true},&quot;element_pack_global_tooltip_border_radius_tablet&quot;:{&quot;unit&quot;:&quot;px&quot;,&quot;top&quot;:&quot;&quot;,&quot;right&quot;:&quot;&quot;,&quot;bottom&quot;:&quot;&quot;,&quot;left&quot;:&quot;&quot;,&quot;isLinked&quot;:true},&quot;element_pack_global_tooltip_border_radius_mobile&quot;:{&quot;unit&quot;:&quot;px&quot;,&quot;top&quot;:&quot;&quot;,&quot;right&quot;:&quot;&quot;,&quot;bottom&quot;:&quot;&quot;,&quot;left&quot;:&quot;&quot;,&quot;isLinked&quot;:true}}\" data-elementor-post-type=\"page\">\n\t\t\t\t<div class=\"elementor-element elementor-element-7bfd6d6 e-con-full e-flex e-con e-parent\" data-id=\"7bfd6d6\" data-element_type=\"container\" data-e-type=\"container\" data-settings=\"{&quot;background_background&quot;:&quot;classic&quot;}\">\n\t\t\t\t<\/div>\n\t\t<div class=\"elementor-element elementor-element-bb5fb19 e-flex e-con-boxed e-con e-parent\" data-id=\"bb5fb19\" data-element_type=\"container\" data-e-type=\"container\" data-settings=\"{&quot;background_background&quot;:&quot;classic&quot;}\">\n\t\t\t\t\t<div class=\"e-con-inner\">\n\t\t<div class=\"elementor-element elementor-element-9d88a4e e-con-full e-flex e-con e-child\" data-id=\"9d88a4e\" data-element_type=\"container\" data-e-type=\"container\">\n\t\t\t\t<div class=\"elementor-element elementor-element-634b7c8 elementor-widget elementor-widget-bdt-breadcrumbs\" data-id=\"634b7c8\" data-element_type=\"widget\" data-e-type=\"widget\" data-widget_type=\"bdt-breadcrumbs.default\">\n\t\t\t\t<div class=\"elementor-widget-container\">\n\t\t\t\t\t<div class='bdt-ep-breadcrumbs-wrapper'><ul class=\"bdt-ep-breadcrumb breadcrumb-align-left  \"><li><a href=\"https:\/\/www.hotel-villa-bosco.de\/de\/\">Hotel Villa Bosco<\/a><\/li>\n<li><a href=\"https:\/\/www.hotel-villa-bosco.de\/de\/ueber-uns\/\">\u00dcber uns<\/a><\/li>\n<li><span> Nachhaltigkeit<\/span><\/li>\n<\/ul><\/div>\t\t\t\t<\/div>\n\t\t\t\t<\/div>\n\t\t\t\t<\/div>\n\t\t\t\t\t<\/div>\n\t\t\t\t<\/div>\n\t\t<div class=\"elementor-element elementor-element-5c52788 e-flex e-con-boxed e-con e-parent\" data-id=\"5c52788\" data-element_type=\"container\" data-e-type=\"container\" data-settings=\"{&quot;background_background&quot;:&quot;classic&quot;}\">\n\t\t\t\t\t<div class=\"e-con-inner\">\n\t\t<div class=\"elementor-element elementor-element-b35bbad e-con-full e-flex e-con e-child\" data-id=\"b35bbad\" data-element_type=\"container\" data-e-type=\"container\">\n\t\t<div class=\"elementor-element elementor-element-7f4f08a e-con-full elementor-hidden-tablet elementor-hidden-mobile e-flex e-con e-child\" data-id=\"7f4f08a\" data-element_type=\"container\" data-e-type=\"container\">\n\t\t\t\t<div class=\"elementor-element elementor-element-8f650e8 elementor-nav-menu--dropdown-none elementor-widget elementor-widget-nav-menu\" data-id=\"8f650e8\" data-element_type=\"widget\" data-e-type=\"widget\" data-settings=\"{&quot;layout&quot;:&quot;vertical&quot;,&quot;submenu_icon&quot;:{&quot;value&quot;:&quot;&lt;i class=\\&quot;fas fa-caret-down\\&quot; aria-hidden=\\&quot;true\\&quot;&gt;&lt;\\\/i&gt;&quot;,&quot;library&quot;:&quot;fa-solid&quot;}}\" data-widget_type=\"nav-menu.default\">\n\t\t\t\t<div class=\"elementor-widget-container\">\n\t\t\t\t\t\t\t\t<nav aria-label=\"Men\u00fc\" class=\"elementor-nav-menu--main elementor-nav-menu__container elementor-nav-menu--layout-vertical e--pointer-none\">\n\t\t\t\t<ul id=\"menu-1-8f650e8\" class=\"elementor-nav-menu sm-vertical\"><li class=\"menu-item menu-item-type-post_type menu-item-object-page menu-item-1039\"><a href=\"https:\/\/www.hotel-villa-bosco.de\/de\/ueber-uns\/nachhaltigkeit\/\" class=\"elementor-item\">Nachhaltigkeit<\/a><\/li>\n<li class=\"menu-item menu-item-type-post_type menu-item-object-page menu-item-1040\"><a href=\"https:\/\/www.hotel-villa-bosco.de\/de\/ueber-uns\/unsere-villa\/\" class=\"elementor-item\">Unsere Villa<\/a><\/li>\n<li class=\"menu-item menu-item-type-post_type menu-item-object-page menu-item-1041\"><a href=\"https:\/\/www.hotel-villa-bosco.de\/de\/ueber-uns\/werte-visionen\/\" class=\"elementor-item\">Werte &#038; Visionen<\/a><\/li>\n<\/ul>\t\t\t<\/nav>\n\t\t\t\t\t\t<nav class=\"elementor-nav-menu--dropdown elementor-nav-menu__container\" aria-hidden=\"true\">\n\t\t\t\t<ul id=\"menu-2-8f650e8\" class=\"elementor-nav-menu sm-vertical\"><li class=\"menu-item menu-item-type-post_type menu-item-object-page menu-item-1039\"><a href=\"https:\/\/www.hotel-villa-bosco.de\/de\/ueber-uns\/nachhaltigkeit\/\" class=\"elementor-item\" tabindex=\"-1\">Nachhaltigkeit<\/a><\/li>\n<li class=\"menu-item menu-item-type-post_type menu-item-object-page menu-item-1040\"><a href=\"https:\/\/www.hotel-villa-bosco.de\/de\/ueber-uns\/unsere-villa\/\" class=\"elementor-item\" tabindex=\"-1\">Unsere Villa<\/a><\/li>\n<li class=\"menu-item menu-item-type-post_type menu-item-object-page menu-item-1041\"><a href=\"https:\/\/www.hotel-villa-bosco.de\/de\/ueber-uns\/werte-visionen\/\" class=\"elementor-item\" tabindex=\"-1\">Werte &#038; Visionen<\/a><\/li>\n<\/ul>\t\t\t<\/nav>\n\t\t\t\t\t\t<\/div>\n\t\t\t\t<\/div>\n\t\t\t\t<\/div>\n\t\t<div class=\"elementor-element elementor-element-3fea210 e-con-full e-flex e-con e-child\" data-id=\"3fea210\" data-element_type=\"container\" data-e-type=\"container\">\n\t\t\t\t<div class=\"elementor-element elementor-element-91746b2 elementor-widget elementor-widget-heading\" data-id=\"91746b2\" data-element_type=\"widget\" data-e-type=\"widget\" data-widget_type=\"heading.default\">\n\t\t\t\t<div class=\"elementor-widget-container\">\n\t\t\t\t\t<h2 class=\"elementor-heading-title elementor-size-default\">Unsere Villa Nachhaltigkeits - Vision<\/h2>\t\t\t\t<\/div>\n\t\t\t\t<\/div>\n\t\t\t\t<div class=\"elementor-element elementor-element-70276f8 elementor-widget elementor-widget-text-editor\" data-id=\"70276f8\" data-element_type=\"widget\" data-e-type=\"widget\" data-widget_type=\"text-editor.default\">\n\t\t\t\t<div class=\"elementor-widget-container\">\n\t\t\t\t\t\t\t\t\t<p>Nachhaltiges Handeln als solches betrachten wir zun\u00e4chst als einen st\u00e4ndig andauernden und fortlaufenden (Lern-) Prozess, welcher per se Potential zur Bewusstseinserweiterung f\u00fcr jeden einzelnen birgt. In der t\u00e4glichen Praxis bedeutet dies, dass wir die Art und Weise wie wir handeln mit vollem Bewusstsein t\u00e4tigen, aber auch stets hinterfragen. Alle Entscheidungen, die unsere Umwelt betreffen, vollziehen wir mit Achtsamkeit. Vorausschauendes Agieren und vern\u00fcnftiges Haushalten ist nicht nur im Umgang mit den uns zur Verf\u00fcgung stehenden Ressourcen gefordert. Auch in unserem Teamgef\u00fcge, im Miteinander unter Kollegen und G\u00e4sten, stellt dieser Gedanke einen absoluten Grundsatz f\u00fcr uns dar.\u00a0\u00a0<\/p><p>Langfristig ergiebige nach-haltige Entscheidungen treffen\u00a0k\u00f6nnen wir nur auf der Basis eines klaren Bewusstseins. Einem Bewusstsein hinsichtlich Achtsamkeit und Dankbarkeit gegen\u00fcber den uns zur Verf\u00fcgung stehenden Ressourcen und Sch\u00e4tzen der Natur, die wir leider allzu oft als selbstverst\u00e4ndlich und als stets verf\u00fcgbar erachten.\u00a0<\/p>\t\t\t\t\t\t\t\t<\/div>\n\t\t\t\t<\/div>\n\t\t\t\t<\/div>\n\t\t\t\t<\/div>\n\t\t\t\t\t<\/div>\n\t\t\t\t<\/div>\n\t\t\t\t<\/div>\n\t\t","protected":false},"excerpt":{"rendered":"<p>Hotel Villa Bosco Seite Unsere Villa Nachhaltigkeits &#8211; Vision Nachhaltiges Handeln als solches betrachten wir zun\u00e4chst als einen st\u00e4ndig andauernden und fortlaufenden (Lern-) Prozess, welcher per se Potential zur Bewusstseinserweiterung f\u00fcr jeden einzelnen birgt. In der t\u00e4glichen Praxis bedeutet dies, dass wir die Art und Weise wie wir handeln mit vollem Bewusstsein t\u00e4tigen, aber auch [&hellip;]<\/p>\n","protected":false},"author":2,"featured_media":0,"parent":427,"menu_order":0,"comment_status":"closed","ping_status":"closed","template":"","meta":{"footnotes":""},"class_list":["post-441","page","type-page","status-publish","hentry"],"yoast_head":"<!-- This site is optimized with the Yoast SEO plugin v27.3 - https:\/\/yoast.com\/product\/yoast-seo-wordpress\/ -->\n<title>Nachhaltigkeit - Hotel Villa Bosco<\/title>\n<meta name=\"robots\" content=\"index, follow, max-snippet:-1, max-image-preview:large, max-video-preview:-1\" \/>\n<link rel=\"canonical\" href=\"https:\/\/www.hotel-villa-bosco.de\/de\/ueber-uns\/nachhaltigkeit\/\" \/>\n<meta property=\"og:locale\" content=\"de_DE\" \/>\n<meta property=\"og:type\" content=\"article\" \/>\n<meta property=\"og:title\" content=\"Nachhaltigkeit - Hotel Villa Bosco\" \/>\n<meta property=\"og:description\" content=\"Hotel Villa Bosco Seite Unsere Villa Nachhaltigkeits &#8211; Vision Nachhaltiges Handeln als solches betrachten wir zun\u00e4chst als einen st\u00e4ndig andauernden und fortlaufenden (Lern-) Prozess, welcher per se Potential zur Bewusstseinserweiterung f\u00fcr jeden einzelnen birgt. In der t\u00e4glichen Praxis bedeutet dies, dass wir die Art und Weise wie wir handeln mit vollem Bewusstsein t\u00e4tigen, aber auch [&hellip;]\" \/>\n<meta property=\"og:url\" content=\"https:\/\/www.hotel-villa-bosco.de\/de\/ueber-uns\/nachhaltigkeit\/\" \/>\n<meta property=\"og:site_name\" content=\"Hotel Villa Bosco\" \/>\n<meta property=\"article:modified_time\" content=\"2026-02-10T15:43:30+00:00\" \/>\n<meta name=\"twitter:card\" content=\"summary_large_image\" \/>\n<meta name=\"twitter:label1\" content=\"Gesch\u00e4tzte Lesezeit\" \/>\n\t<meta name=\"twitter:data1\" content=\"1\u00a0Minute\" \/>\n<script type=\"application\/ld+json\" class=\"yoast-schema-graph\">{\"@context\":\"https:\\\/\\\/schema.org\",\"@graph\":[{\"@type\":\"WebPage\",\"@id\":\"https:\\\/\\\/www.hotel-villa-bosco.de\\\/de\\\/ueber-uns\\\/nachhaltigkeit\\\/\",\"url\":\"https:\\\/\\\/www.hotel-villa-bosco.de\\\/de\\\/ueber-uns\\\/nachhaltigkeit\\\/\",\"name\":\"Nachhaltigkeit - Hotel Villa Bosco\",\"isPartOf\":{\"@id\":\"https:\\\/\\\/www.hotel-villa-bosco.de\\\/de\\\/#website\"},\"datePublished\":\"2023-02-05T16:32:42+00:00\",\"dateModified\":\"2026-02-10T15:43:30+00:00\",\"breadcrumb\":{\"@id\":\"https:\\\/\\\/www.hotel-villa-bosco.de\\\/de\\\/ueber-uns\\\/nachhaltigkeit\\\/#breadcrumb\"},\"inLanguage\":\"de\",\"potentialAction\":[{\"@type\":\"ReadAction\",\"target\":[\"https:\\\/\\\/www.hotel-villa-bosco.de\\\/de\\\/ueber-uns\\\/nachhaltigkeit\\\/\"]}]},{\"@type\":\"BreadcrumbList\",\"@id\":\"https:\\\/\\\/www.hotel-villa-bosco.de\\\/de\\\/ueber-uns\\\/nachhaltigkeit\\\/#breadcrumb\",\"itemListElement\":[{\"@type\":\"ListItem\",\"position\":1,\"name\":\"Startseite\",\"item\":\"https:\\\/\\\/www.hotel-villa-bosco.de\\\/de\\\/\"},{\"@type\":\"ListItem\",\"position\":2,\"name\":\"\u00dcber uns\",\"item\":\"https:\\\/\\\/www.hotel-villa-bosco.de\\\/de\\\/ueber-uns\\\/\"},{\"@type\":\"ListItem\",\"position\":3,\"name\":\"Nachhaltigkeit\"}]},{\"@type\":\"WebSite\",\"@id\":\"https:\\\/\\\/www.hotel-villa-bosco.de\\\/de\\\/#website\",\"url\":\"https:\\\/\\\/www.hotel-villa-bosco.de\\\/de\\\/\",\"name\":\"Hotel Villa Bosco\",\"description\":\"\",\"publisher\":{\"@id\":\"https:\\\/\\\/www.hotel-villa-bosco.de\\\/de\\\/#organization\"},\"potentialAction\":[{\"@type\":\"SearchAction\",\"target\":{\"@type\":\"EntryPoint\",\"urlTemplate\":\"https:\\\/\\\/www.hotel-villa-bosco.de\\\/de\\\/?s={search_term_string}\"},\"query-input\":{\"@type\":\"PropertyValueSpecification\",\"valueRequired\":true,\"valueName\":\"search_term_string\"}}],\"inLanguage\":\"de\"},{\"@type\":\"Organization\",\"@id\":\"https:\\\/\\\/www.hotel-villa-bosco.de\\\/de\\\/#organization\",\"name\":\"Hotel Villa Bosco\",\"url\":\"https:\\\/\\\/www.hotel-villa-bosco.de\\\/de\\\/\",\"logo\":{\"@type\":\"ImageObject\",\"inLanguage\":\"de\",\"@id\":\"https:\\\/\\\/www.hotel-villa-bosco.de\\\/de\\\/#\\\/schema\\\/logo\\\/image\\\/\",\"url\":\"https:\\\/\\\/www.hotel-villa-bosco.de\\\/wp-content\\\/uploads\\\/sites\\\/2\\\/2023\\\/01\\\/cropped-003-VB-Logo-Einfarbig-Ab2021.png\",\"contentUrl\":\"https:\\\/\\\/www.hotel-villa-bosco.de\\\/wp-content\\\/uploads\\\/sites\\\/2\\\/2023\\\/01\\\/cropped-003-VB-Logo-Einfarbig-Ab2021.png\",\"width\":703,\"height\":450,\"caption\":\"Hotel Villa Bosco\"},\"image\":{\"@id\":\"https:\\\/\\\/www.hotel-villa-bosco.de\\\/de\\\/#\\\/schema\\\/logo\\\/image\\\/\"}}]}<\/script>\n<!-- \/ Yoast SEO plugin. -->","yoast_head_json":{"title":"Nachhaltigkeit - Hotel Villa Bosco","robots":{"index":"index","follow":"follow","max-snippet":"max-snippet:-1","max-image-preview":"max-image-preview:large","max-video-preview":"max-video-preview:-1"},"canonical":"https:\/\/www.hotel-villa-bosco.de\/de\/ueber-uns\/nachhaltigkeit\/","og_locale":"de_DE","og_type":"article","og_title":"Nachhaltigkeit - Hotel Villa Bosco","og_description":"Hotel Villa Bosco Seite Unsere Villa Nachhaltigkeits &#8211; Vision Nachhaltiges Handeln als solches betrachten wir zun\u00e4chst als einen st\u00e4ndig andauernden und fortlaufenden (Lern-) Prozess, welcher per se Potential zur Bewusstseinserweiterung f\u00fcr jeden einzelnen birgt. In der t\u00e4glichen Praxis bedeutet dies, dass wir die Art und Weise wie wir handeln mit vollem Bewusstsein t\u00e4tigen, aber auch [&hellip;]","og_url":"https:\/\/www.hotel-villa-bosco.de\/de\/ueber-uns\/nachhaltigkeit\/","og_site_name":"Hotel Villa Bosco","article_modified_time":"2026-02-10T15:43:30+00:00","twitter_card":"summary_large_image","twitter_misc":{"Gesch\u00e4tzte Lesezeit":"1\u00a0Minute"},"schema":{"@context":"https:\/\/schema.org","@graph":[{"@type":"WebPage","@id":"https:\/\/www.hotel-villa-bosco.de\/de\/ueber-uns\/nachhaltigkeit\/","url":"https:\/\/www.hotel-villa-bosco.de\/de\/ueber-uns\/nachhaltigkeit\/","name":"Nachhaltigkeit - Hotel Villa Bosco","isPartOf":{"@id":"https:\/\/www.hotel-villa-bosco.de\/de\/#website"},"datePublished":"2023-02-05T16:32:42+00:00","dateModified":"2026-02-10T15:43:30+00:00","breadcrumb":{"@id":"https:\/\/www.hotel-villa-bosco.de\/de\/ueber-uns\/nachhaltigkeit\/#breadcrumb"},"inLanguage":"de","potentialAction":[{"@type":"ReadAction","target":["https:\/\/www.hotel-villa-bosco.de\/de\/ueber-uns\/nachhaltigkeit\/"]}]},{"@type":"BreadcrumbList","@id":"https:\/\/www.hotel-villa-bosco.de\/de\/ueber-uns\/nachhaltigkeit\/#breadcrumb","itemListElement":[{"@type":"ListItem","position":1,"name":"Startseite","item":"https:\/\/www.hotel-villa-bosco.de\/de\/"},{"@type":"ListItem","position":2,"name":"\u00dcber uns","item":"https:\/\/www.hotel-villa-bosco.de\/de\/ueber-uns\/"},{"@type":"ListItem","position":3,"name":"Nachhaltigkeit"}]},{"@type":"WebSite","@id":"https:\/\/www.hotel-villa-bosco.de\/de\/#website","url":"https:\/\/www.hotel-villa-bosco.de\/de\/","name":"Hotel Villa Bosco","description":"","publisher":{"@id":"https:\/\/www.hotel-villa-bosco.de\/de\/#organization"},"potentialAction":[{"@type":"SearchAction","target":{"@type":"EntryPoint","urlTemplate":"https:\/\/www.hotel-villa-bosco.de\/de\/?s={search_term_string}"},"query-input":{"@type":"PropertyValueSpecification","valueRequired":true,"valueName":"search_term_string"}}],"inLanguage":"de"},{"@type":"Organization","@id":"https:\/\/www.hotel-villa-bosco.de\/de\/#organization","name":"Hotel Villa Bosco","url":"https:\/\/www.hotel-villa-bosco.de\/de\/","logo":{"@type":"ImageObject","inLanguage":"de","@id":"https:\/\/www.hotel-villa-bosco.de\/de\/#\/schema\/logo\/image\/","url":"https:\/\/www.hotel-villa-bosco.de\/wp-content\/uploads\/sites\/2\/2023\/01\/cropped-003-VB-Logo-Einfarbig-Ab2021.png","contentUrl":"https:\/\/www.hotel-villa-bosco.de\/wp-content\/uploads\/sites\/2\/2023\/01\/cropped-003-VB-Logo-Einfarbig-Ab2021.png","width":703,"height":450,"caption":"Hotel Villa Bosco"},"image":{"@id":"https:\/\/www.hotel-villa-bosco.de\/de\/#\/schema\/logo\/image\/"}}]}},"_links":{"self":[{"href":"https:\/\/www.hotel-villa-bosco.de\/de\/wp-json\/wp\/v2\/pages\/441","targetHints":{"allow":["GET"]}}],"collection":[{"href":"https:\/\/www.hotel-villa-bosco.de\/de\/wp-json\/wp\/v2\/pages"}],"about":[{"href":"https:\/\/www.hotel-villa-bosco.de\/de\/wp-json\/wp\/v2\/types\/page"}],"author":[{"embeddable":true,"href":"https:\/\/www.hotel-villa-bosco.de\/de\/wp-json\/wp\/v2\/users\/2"}],"replies":[{"embeddable":true,"href":"https:\/\/www.hotel-villa-bosco.de\/de\/wp-json\/wp\/v2\/comments?post=441"}],"version-history":[{"count":101,"href":"https:\/\/www.hotel-villa-bosco.de\/de\/wp-json\/wp\/v2\/pages\/441\/revisions"}],"predecessor-version":[{"id":4990,"href":"https:\/\/www.hotel-villa-bosco.de\/de\/wp-json\/wp\/v2\/pages\/441\/revisions\/4990"}],"up":[{"embeddable":true,"href":"https:\/\/www.hotel-villa-bosco.de\/de\/wp-json\/wp\/v2\/pages\/427"}],"wp:attachment":[{"href":"https:\/\/www.hotel-villa-bosco.de\/de\/wp-json\/wp\/v2\/media?parent=441"}],"curies":[{"name":"wp","href":"https:\/\/api.w.org\/{rel}","templated":true}]}}