{"id":484,"date":"2023-02-06T10:05:24","date_gmt":"2023-02-06T09:05:24","guid":{"rendered":"http:\/\/wordpress.p634997.webspaceconfig.de\/?page_id=484"},"modified":"2024-11-28T15:17:31","modified_gmt":"2024-11-28T14:17:31","slug":"service","status":"publish","type":"page","link":"https:\/\/www.hotel-villa-bosco.de\/de\/service\/","title":{"rendered":"Service"},"content":{"rendered":"\t\t<div data-elementor-type=\"wp-page\" data-elementor-id=\"484\" class=\"elementor elementor-484\" data-elementor-settings=\"{&quot;element_pack_global_tooltip_width&quot;:{&quot;unit&quot;:&quot;px&quot;,&quot;size&quot;:&quot;&quot;,&quot;sizes&quot;:[]},&quot;element_pack_global_tooltip_width_tablet&quot;:{&quot;unit&quot;:&quot;px&quot;,&quot;size&quot;:&quot;&quot;,&quot;sizes&quot;:[]},&quot;element_pack_global_tooltip_width_mobile&quot;:{&quot;unit&quot;:&quot;px&quot;,&quot;size&quot;:&quot;&quot;,&quot;sizes&quot;:[]},&quot;element_pack_global_tooltip_padding&quot;:{&quot;unit&quot;:&quot;px&quot;,&quot;top&quot;:&quot;&quot;,&quot;right&quot;:&quot;&quot;,&quot;bottom&quot;:&quot;&quot;,&quot;left&quot;:&quot;&quot;,&quot;isLinked&quot;:true},&quot;element_pack_global_tooltip_padding_tablet&quot;:{&quot;unit&quot;:&quot;px&quot;,&quot;top&quot;:&quot;&quot;,&quot;right&quot;:&quot;&quot;,&quot;bottom&quot;:&quot;&quot;,&quot;left&quot;:&quot;&quot;,&quot;isLinked&quot;:true},&quot;element_pack_global_tooltip_padding_mobile&quot;:{&quot;unit&quot;:&quot;px&quot;,&quot;top&quot;:&quot;&quot;,&quot;right&quot;:&quot;&quot;,&quot;bottom&quot;:&quot;&quot;,&quot;left&quot;:&quot;&quot;,&quot;isLinked&quot;:true},&quot;element_pack_global_tooltip_border_radius&quot;:{&quot;unit&quot;:&quot;px&quot;,&quot;top&quot;:&quot;&quot;,&quot;right&quot;:&quot;&quot;,&quot;bottom&quot;:&quot;&quot;,&quot;left&quot;:&quot;&quot;,&quot;isLinked&quot;:true},&quot;element_pack_global_tooltip_border_radius_tablet&quot;:{&quot;unit&quot;:&quot;px&quot;,&quot;top&quot;:&quot;&quot;,&quot;right&quot;:&quot;&quot;,&quot;bottom&quot;:&quot;&quot;,&quot;left&quot;:&quot;&quot;,&quot;isLinked&quot;:true},&quot;element_pack_global_tooltip_border_radius_mobile&quot;:{&quot;unit&quot;:&quot;px&quot;,&quot;top&quot;:&quot;&quot;,&quot;right&quot;:&quot;&quot;,&quot;bottom&quot;:&quot;&quot;,&quot;left&quot;:&quot;&quot;,&quot;isLinked&quot;:true}}\" data-elementor-post-type=\"page\">\n\t\t\t\t<div class=\"elementor-element elementor-element-5c52788 e-con-full e-flex e-con e-parent\" data-id=\"5c52788\" data-element_type=\"container\" data-e-type=\"container\" data-settings=\"{&quot;background_background&quot;:&quot;classic&quot;}\">\n\t\t\t\t<\/div>\n\t\t<div class=\"elementor-element elementor-element-4b73e78 e-flex e-con-boxed e-con e-parent\" data-id=\"4b73e78\" data-element_type=\"container\" data-e-type=\"container\" data-settings=\"{&quot;background_background&quot;:&quot;classic&quot;}\">\n\t\t\t\t\t<div class=\"e-con-inner\">\n\t\t<div class=\"elementor-element elementor-element-b0ae791 e-con-full e-flex e-con e-child\" data-id=\"b0ae791\" data-element_type=\"container\" data-e-type=\"container\">\n\t\t\t\t<div class=\"elementor-element elementor-element-84d258f elementor-widget elementor-widget-bdt-breadcrumbs\" data-id=\"84d258f\" data-element_type=\"widget\" data-e-type=\"widget\" data-widget_type=\"bdt-breadcrumbs.default\">\n\t\t\t\t<div class=\"elementor-widget-container\">\n\t\t\t\t\t<div class='bdt-ep-breadcrumbs-wrapper'><ul class=\"bdt-ep-breadcrumb breadcrumb-align-left  \"><li><a href=\"https:\/\/www.hotel-villa-bosco.de\/de\/\">Hotel Villa Bosco<\/a><\/li>\n<li><span> Service<\/span><\/li>\n<\/ul><\/div>\t\t\t\t<\/div>\n\t\t\t\t<\/div>\n\t\t\t\t<\/div>\n\t\t\t\t\t<\/div>\n\t\t\t\t<\/div>\n\t\t<div class=\"elementor-element elementor-element-1dfc6db e-flex e-con-boxed e-con e-parent\" data-id=\"1dfc6db\" data-element_type=\"container\" data-e-type=\"container\" data-settings=\"{&quot;background_background&quot;:&quot;classic&quot;}\">\n\t\t\t\t\t<div class=\"e-con-inner\">\n\t\t<div class=\"elementor-element elementor-element-808bdbd e-con-full e-flex e-con e-child\" data-id=\"808bdbd\" data-element_type=\"container\" data-e-type=\"container\">\n\t\t<div class=\"elementor-element elementor-element-3d078e8 e-con-full elementor-hidden-tablet elementor-hidden-mobile e-flex e-con e-child\" data-id=\"3d078e8\" data-element_type=\"container\" data-e-type=\"container\">\n\t\t\t\t<div class=\"elementor-element elementor-element-023dc57 elementor-nav-menu--dropdown-none elementor-widget elementor-widget-nav-menu\" data-id=\"023dc57\" data-element_type=\"widget\" data-e-type=\"widget\" data-settings=\"{&quot;layout&quot;:&quot;vertical&quot;,&quot;submenu_icon&quot;:{&quot;value&quot;:&quot;&lt;i class=\\&quot;fas fa-caret-down\\&quot; aria-hidden=\\&quot;true\\&quot;&gt;&lt;\\\/i&gt;&quot;,&quot;library&quot;:&quot;fa-solid&quot;}}\" data-widget_type=\"nav-menu.default\">\n\t\t\t\t<div class=\"elementor-widget-container\">\n\t\t\t\t\t\t\t\t<nav aria-label=\"Men\u00fc\" class=\"elementor-nav-menu--main elementor-nav-menu__container elementor-nav-menu--layout-vertical e--pointer-none\">\n\t\t\t\t<ul id=\"menu-1-023dc57\" class=\"elementor-nav-menu sm-vertical\"><li class=\"menu-item menu-item-type-post_type menu-item-object-page menu-item-2119\"><a href=\"https:\/\/www.hotel-villa-bosco.de\/de\/digitaler-schlussel\/\" class=\"elementor-item\">Digitaler Schl\u00fcssel<\/a><\/li>\n<li class=\"menu-item menu-item-type-post_type menu-item-object-page menu-item-1044\"><a href=\"https:\/\/www.hotel-villa-bosco.de\/de\/service\/fruehstueck\/\" class=\"elementor-item\">Fr\u00fchst\u00fcck<\/a><\/li>\n<li class=\"menu-item menu-item-type-post_type menu-item-object-page menu-item-1045\"><a href=\"https:\/\/www.hotel-villa-bosco.de\/de\/service\/wellness-gym\/\" class=\"elementor-item\">Wellness &#038; Gym<\/a><\/li>\n<li class=\"menu-item menu-item-type-post_type menu-item-object-page menu-item-1690\"><a href=\"https:\/\/www.hotel-villa-bosco.de\/de\/service\/parken\/\" class=\"elementor-item\">Parken<\/a><\/li>\n<\/ul>\t\t\t<\/nav>\n\t\t\t\t\t\t<nav class=\"elementor-nav-menu--dropdown elementor-nav-menu__container\" aria-hidden=\"true\">\n\t\t\t\t<ul id=\"menu-2-023dc57\" class=\"elementor-nav-menu sm-vertical\"><li class=\"menu-item menu-item-type-post_type menu-item-object-page menu-item-2119\"><a href=\"https:\/\/www.hotel-villa-bosco.de\/de\/digitaler-schlussel\/\" class=\"elementor-item\" tabindex=\"-1\">Digitaler Schl\u00fcssel<\/a><\/li>\n<li class=\"menu-item menu-item-type-post_type menu-item-object-page menu-item-1044\"><a href=\"https:\/\/www.hotel-villa-bosco.de\/de\/service\/fruehstueck\/\" class=\"elementor-item\" tabindex=\"-1\">Fr\u00fchst\u00fcck<\/a><\/li>\n<li class=\"menu-item menu-item-type-post_type menu-item-object-page menu-item-1045\"><a href=\"https:\/\/www.hotel-villa-bosco.de\/de\/service\/wellness-gym\/\" class=\"elementor-item\" tabindex=\"-1\">Wellness &#038; Gym<\/a><\/li>\n<li class=\"menu-item menu-item-type-post_type menu-item-object-page menu-item-1690\"><a href=\"https:\/\/www.hotel-villa-bosco.de\/de\/service\/parken\/\" class=\"elementor-item\" tabindex=\"-1\">Parken<\/a><\/li>\n<\/ul>\t\t\t<\/nav>\n\t\t\t\t\t\t<\/div>\n\t\t\t\t<\/div>\n\t\t\t\t<\/div>\n\t\t<div class=\"elementor-element elementor-element-e98c2da e-con-full e-flex e-con e-child\" data-id=\"e98c2da\" data-element_type=\"container\" data-e-type=\"container\">\n\t\t\t\t<div class=\"elementor-element elementor-element-2804238 elementor-hidden-desktop elementor-hidden-tablet elementor-hidden-mobile elementor-widget elementor-widget-heading\" data-id=\"2804238\" data-element_type=\"widget\" data-e-type=\"widget\" data-widget_type=\"heading.default\">\n\t\t\t\t<div class=\"elementor-widget-container\">\n\t\t\t\t\t<h2 class=\"elementor-heading-title elementor-size-default\">Service<\/h2>\t\t\t\t<\/div>\n\t\t\t\t<\/div>\n\t\t<div class=\"elementor-element elementor-element-b2c6d4e e-con-full e-flex e-con e-child\" data-id=\"b2c6d4e\" data-element_type=\"container\" data-e-type=\"container\">\n\t\t<div class=\"elementor-element elementor-element-1b41ef0 e-con-full e-flex e-con e-child\" data-id=\"1b41ef0\" data-element_type=\"container\" data-e-type=\"container\">\n\t\t\t\t<div class=\"elementor-element elementor-element-3b1f198 elementor-cta--layout-image-above elementor-widget-tablet__width-initial elementor-cta--skin-classic elementor-bg-transform elementor-bg-transform-zoom-in elementor-widget elementor-widget-call-to-action\" data-id=\"3b1f198\" data-element_type=\"widget\" data-e-type=\"widget\" data-widget_type=\"call-to-action.default\">\n\t\t\t\t<div class=\"elementor-widget-container\">\n\t\t\t\t\t\t\t<a class=\"elementor-cta\" href=\"https:\/\/www.hotel-villa-bosco.de\/de\/digitaler-schlussel\/\" target=\"_blank\">\n\t\t\t\t\t<div class=\"elementor-cta__bg-wrapper\">\n\t\t\t\t<div class=\"elementor-cta__bg elementor-bg\" style=\"background-image: url(https:\/\/www.hotel-villa-bosco.de\/wp-content\/uploads\/sites\/2\/2023\/02\/App-281x300.jpg);\" role=\"img\" aria-label=\"App\"><\/div>\n\t\t\t\t<div class=\"elementor-cta__bg-overlay\"><\/div>\n\t\t\t<\/div>\n\t\t\t\t\t\t\t<div class=\"elementor-cta__content\">\n\t\t\t\t\n\t\t\t\t\t\t\t\t\t<h2 class=\"elementor-cta__title elementor-cta__content-item elementor-content-item\">\n\t\t\t\t\t\tDigitaler Schl\u00fcssel\t\t\t\t\t<\/h2>\n\t\t\t\t\n\t\t\t\t\t\t\t\t\t<div class=\"elementor-cta__description elementor-cta__content-item elementor-content-item\">\n\t\t\t\t\t\tChecke bequem online ein\t\t\t\t\t<\/div>\n\t\t\t\t\n\t\t\t\t\t\t\t\t\t<div class=\"elementor-cta__button-wrapper elementor-cta__content-item elementor-content-item \">\n\t\t\t\t\t<span class=\"elementor-cta__button elementor-button elementor-size-\">\n\t\t\t\t\t\tMehr Erfahren\t\t\t\t\t<\/span>\n\t\t\t\t\t<\/div>\n\t\t\t\t\t\t\t<\/div>\n\t\t\t\t\t\t<\/a>\n\t\t\t\t\t\t<\/div>\n\t\t\t\t<\/div>\n\t\t\t\t<div class=\"elementor-element elementor-element-e844a3a elementor-cta--skin-cover elementor-widget-tablet__width-initial elementor-bg-transform elementor-bg-transform-zoom-in elementor-widget elementor-widget-call-to-action\" data-id=\"e844a3a\" data-element_type=\"widget\" data-e-type=\"widget\" data-widget_type=\"call-to-action.default\">\n\t\t\t\t<div class=\"elementor-widget-container\">\n\t\t\t\t\t\t\t<a class=\"elementor-cta\" href=\"https:\/\/www.hotel-villa-bosco.de\/de\/service\/parken\/\" target=\"_blank\">\n\t\t\t\t\t<div class=\"elementor-cta__bg-wrapper\">\n\t\t\t\t<div class=\"elementor-cta__bg elementor-bg\" style=\"background-image: url(https:\/\/www.hotel-villa-bosco.de\/wp-content\/uploads\/sites\/2\/2023\/06\/IMG_8487-1024x768.jpg);\" role=\"img\" aria-label=\"IMG_8487\"><\/div>\n\t\t\t\t<div class=\"elementor-cta__bg-overlay\"><\/div>\n\t\t\t<\/div>\n\t\t\t\t\t\t\t<div class=\"elementor-cta__content\">\n\t\t\t\t\n\t\t\t\t\t\t\t\t\t<h2 class=\"elementor-cta__title elementor-cta__content-item elementor-content-item\">\n\t\t\t\t\t\tParken\t\t\t\t\t<\/h2>\n\t\t\t\t\n\t\t\t\t\t\t\t\t\t<div class=\"elementor-cta__description elementor-cta__content-item elementor-content-item\">\n\t\t\t\t\t\tHoteleigene Tiefgaragenpl\u00e4tze \t\t\t\t\t<\/div>\n\t\t\t\t\n\t\t\t\t\t\t\t\t\t<div class=\"elementor-cta__button-wrapper elementor-cta__content-item elementor-content-item \">\n\t\t\t\t\t<span class=\"elementor-cta__button elementor-button elementor-size-\">\n\t\t\t\t\t\tMehr erfahren\t\t\t\t\t<\/span>\n\t\t\t\t\t<\/div>\n\t\t\t\t\t\t\t<\/div>\n\t\t\t\t\t\t<\/a>\n\t\t\t\t\t\t<\/div>\n\t\t\t\t<\/div>\n\t\t\t\t<\/div>\n\t\t<div class=\"elementor-element elementor-element-0043e5f e-con-full e-flex e-con e-child\" data-id=\"0043e5f\" data-element_type=\"container\" data-e-type=\"container\">\n\t\t<div class=\"elementor-element elementor-element-1620c25 e-flex e-con-boxed e-con e-child\" data-id=\"1620c25\" data-element_type=\"container\" data-e-type=\"container\">\n\t\t\t\t\t<div class=\"e-con-inner\">\n\t\t\t\t<div class=\"elementor-element elementor-element-f04395c elementor-cta--layout-image-left elementor-cta--tablet-layout-image-above elementor-cta--mobile-layout-image-above elementor-widget-tablet__width-initial elementor-cta--skin-classic elementor-bg-transform elementor-bg-transform-zoom-in elementor-widget elementor-widget-call-to-action\" data-id=\"f04395c\" data-element_type=\"widget\" data-e-type=\"widget\" data-widget_type=\"call-to-action.default\">\n\t\t\t\t<div class=\"elementor-widget-container\">\n\t\t\t\t\t\t\t<a class=\"elementor-cta\" href=\"https:\/\/www.hotel-villa-bosco.de\/de\/service\/fruehstueck\/\" target=\"_blank\">\n\t\t\t\t\t<div class=\"elementor-cta__bg-wrapper\">\n\t\t\t\t<div class=\"elementor-cta__bg elementor-bg\" style=\"background-image: url(https:\/\/www.hotel-villa-bosco.de\/wp-content\/uploads\/sites\/2\/2023\/01\/IMG_2596-1024x768.jpg);\" role=\"img\" aria-label=\"IMG_2596\"><\/div>\n\t\t\t\t<div class=\"elementor-cta__bg-overlay\"><\/div>\n\t\t\t<\/div>\n\t\t\t\t\t\t\t<div class=\"elementor-cta__content\">\n\t\t\t\t\n\t\t\t\t\t\t\t\t\t<h2 class=\"elementor-cta__title elementor-cta__content-item elementor-content-item\">\n\t\t\t\t\t\tFr\u00fchst\u00fccksbuffet\t\t\t\t\t<\/h2>\n\t\t\t\t\n\t\t\t\t\t\t\t\t\t<div class=\"elementor-cta__description elementor-cta__content-item elementor-content-item\">\n\t\t\t\t\t\tGest\u00e4rkt in den Tag starten\t\t\t\t\t<\/div>\n\t\t\t\t\n\t\t\t\t\t\t\t\t\t<div class=\"elementor-cta__button-wrapper elementor-cta__content-item elementor-content-item \">\n\t\t\t\t\t<span class=\"elementor-cta__button elementor-button elementor-size-\">\n\t\t\t\t\t\tMehr Erfahren\t\t\t\t\t<\/span>\n\t\t\t\t\t<\/div>\n\t\t\t\t\t\t\t<\/div>\n\t\t\t\t\t\t<\/a>\n\t\t\t\t\t\t<\/div>\n\t\t\t\t<\/div>\n\t\t\t\t\t<\/div>\n\t\t\t\t<\/div>\n\t\t<div class=\"elementor-element elementor-element-ffdf2a3 e-flex e-con-boxed e-con e-child\" data-id=\"ffdf2a3\" data-element_type=\"container\" data-e-type=\"container\">\n\t\t\t\t\t<div class=\"e-con-inner\">\n\t\t\t\t<div class=\"elementor-element elementor-element-8628e91 elementor-cta--skin-cover elementor-widget-tablet__width-initial elementor-widget__width-initial elementor-bg-transform elementor-bg-transform-zoom-in elementor-widget elementor-widget-call-to-action\" data-id=\"8628e91\" data-element_type=\"widget\" data-e-type=\"widget\" data-widget_type=\"call-to-action.default\">\n\t\t\t\t<div class=\"elementor-widget-container\">\n\t\t\t\t\t\t\t<div class=\"elementor-cta\">\n\t\t\t\t\t<div class=\"elementor-cta__bg-wrapper\">\n\t\t\t\t<div class=\"elementor-cta__bg elementor-bg\" style=\"background-image: url(https:\/\/www.hotel-villa-bosco.de\/wp-content\/uploads\/sites\/2\/2023\/06\/IMG_8058-1024x768.jpg);\" role=\"img\" aria-label=\"IMG_8058\"><\/div>\n\t\t\t\t<div class=\"elementor-cta__bg-overlay\"><\/div>\n\t\t\t<\/div>\n\t\t\t\t\t\t\t<div class=\"elementor-cta__content\">\n\t\t\t\t\n\t\t\t\t\t\t\t\t\t<h2 class=\"elementor-cta__title elementor-cta__content-item elementor-content-item\">\n\t\t\t\t\t\tDachgarten \t\t\t\t\t<\/h2>\n\t\t\t\t\n\t\t\t\t\t\t\t\t\t<div class=\"elementor-cta__description elementor-cta__content-item elementor-content-item\">\n\t\t\t\t\t\tGenie\u00dfe ein wundersch\u00f6nes Ambiente \t\t\t\t\t<\/div>\n\t\t\t\t\n\t\t\t\t\t\t\t<\/div>\n\t\t\t\t\t\t<\/div>\n\t\t\t\t\t\t<\/div>\n\t\t\t\t<\/div>\n\t\t\t\t<div class=\"elementor-element elementor-element-e58cc57 elementor-cta--skin-cover elementor-widget-tablet__width-initial elementor-widget__width-initial elementor-bg-transform elementor-bg-transform-zoom-in elementor-widget elementor-widget-call-to-action\" data-id=\"e58cc57\" data-element_type=\"widget\" data-e-type=\"widget\" data-widget_type=\"call-to-action.default\">\n\t\t\t\t<div class=\"elementor-widget-container\">\n\t\t\t\t\t\t\t<div class=\"elementor-cta\">\n\t\t\t\t\t<div class=\"elementor-cta__bg-wrapper\">\n\t\t\t\t<div class=\"elementor-cta__bg elementor-bg\" style=\"background-image: url(https:\/\/www.hotel-villa-bosco.de\/wp-content\/uploads\/sites\/2\/2023\/01\/584A8459-masolat-683x1024.jpg);\" role=\"img\" aria-label=\"584A8459 m\u00e1solat\"><\/div>\n\t\t\t\t<div class=\"elementor-cta__bg-overlay\"><\/div>\n\t\t\t<\/div>\n\t\t\t\t\t\t\t<div class=\"elementor-cta__content\">\n\t\t\t\t\n\t\t\t\t\t\t\t\t\t<h2 class=\"elementor-cta__title elementor-cta__content-item elementor-content-item\">\n\t\t\t\t\t\tKaffe \/ Tee \/ Minibar\t\t\t\t\t<\/h2>\n\t\t\t\t\n\t\t\t\t\t\t\t\t\t<div class=\"elementor-cta__description elementor-cta__content-item elementor-content-item\">\n\t\t\t\t\t\tGibt es f\u00fcr Dich in jedem Zimmer\t\t\t\t\t<\/div>\n\t\t\t\t\n\t\t\t\t\t\t\t<\/div>\n\t\t\t\t\t\t<\/div>\n\t\t\t\t\t\t<\/div>\n\t\t\t\t<\/div>\n\t\t\t\t\t<\/div>\n\t\t\t\t<\/div>\n\t\t<div class=\"elementor-element elementor-element-798772b e-con-full e-flex e-con e-child\" data-id=\"798772b\" data-element_type=\"container\" data-e-type=\"container\">\n\t\t\t\t<div class=\"elementor-element elementor-element-318e674 elementor-cta--layout-image-right elementor-cta--mobile-layout-image-above elementor-cta--skin-classic elementor-bg-transform elementor-bg-transform-zoom-in elementor-widget elementor-widget-call-to-action\" data-id=\"318e674\" data-element_type=\"widget\" data-e-type=\"widget\" data-widget_type=\"call-to-action.default\">\n\t\t\t\t<div class=\"elementor-widget-container\">\n\t\t\t\t\t\t\t<a class=\"elementor-cta\" href=\"https:\/\/www.hotel-villa-bosco.de\/de\/service\/wellness-gym\/\" target=\"_blank\">\n\t\t\t\t\t<div class=\"elementor-cta__bg-wrapper\">\n\t\t\t\t<div class=\"elementor-cta__bg elementor-bg\" style=\"background-image: url(https:\/\/www.hotel-villa-bosco.de\/wp-content\/uploads\/sites\/2\/2023\/02\/Gym.jpg);\" role=\"img\" aria-label=\"Gym\"><\/div>\n\t\t\t\t<div class=\"elementor-cta__bg-overlay\"><\/div>\n\t\t\t<\/div>\n\t\t\t\t\t\t\t<div class=\"elementor-cta__content\">\n\t\t\t\t\n\t\t\t\t\t\t\t\t\t<h2 class=\"elementor-cta__title elementor-cta__content-item elementor-content-item\">\n\t\t\t\t\t\tWellness &amp; Gym\t\t\t\t\t<\/h2>\n\t\t\t\t\n\t\t\t\t\t\t\t\t\t<div class=\"elementor-cta__description elementor-cta__content-item elementor-content-item\">\n\t\t\t\t\t\tVISTA SPA &amp; Toskana Spa im Hotel Villa Toskana Leimen\t\t\t\t\t<\/div>\n\t\t\t\t\n\t\t\t\t\t\t\t\t\t<div class=\"elementor-cta__button-wrapper elementor-cta__content-item elementor-content-item \">\n\t\t\t\t\t<span class=\"elementor-cta__button elementor-button elementor-size-\">\n\t\t\t\t\t\tMehr Erfahren\t\t\t\t\t<\/span>\n\t\t\t\t\t<\/div>\n\t\t\t\t\t\t\t<\/div>\n\t\t\t\t\t\t<\/a>\n\t\t\t\t\t\t<\/div>\n\t\t\t\t<\/div>\n\t\t\t\t<\/div>\n\t\t\t\t<\/div>\n\t\t\t\t<\/div>\n\t\t\t\t<\/div>\n\t\t\t\t<\/div>\n\t\t\t\t\t<\/div>\n\t\t\t\t<\/div>\n\t\t\t\t<\/div>\n\t\t","protected":false},"excerpt":{"rendered":"<p>Hotel Villa Bosco Seite Service Digitaler Schl\u00fcssel Checke bequem online ein Mehr Erfahren Parken Hoteleigene Tiefgaragenpl\u00e4tze Mehr erfahren Fr\u00fchst\u00fccksbuffet Gest\u00e4rkt in den Tag starten Mehr Erfahren Dachgarten Genie\u00dfe ein wundersch\u00f6nes Ambiente Kaffe \/ Tee \/ Minibar Gibt es f\u00fcr Dich in jedem Zimmer Wellness &#038; Gym VISTA SPA &#038; Toskana Spa im Hotel Villa Toskana [&hellip;]<\/p>\n","protected":false},"author":2,"featured_media":0,"parent":0,"menu_order":0,"comment_status":"closed","ping_status":"closed","template":"","meta":{"footnotes":""},"class_list":["post-484","page","type-page","status-publish","hentry"],"yoast_head":"<!-- This site is optimized with the Yoast SEO plugin v27.5 - https:\/\/yoast.com\/product\/yoast-seo-wordpress\/ -->\n<title>Service - Hotel Villa Bosco<\/title>\n<meta name=\"robots\" content=\"index, follow, max-snippet:-1, max-image-preview:large, max-video-preview:-1\" \/>\n<link rel=\"canonical\" href=\"https:\/\/www.hotel-villa-bosco.de\/de\/service\/\" \/>\n<meta property=\"og:locale\" content=\"de_DE\" \/>\n<meta property=\"og:type\" content=\"article\" \/>\n<meta property=\"og:title\" content=\"Service - Hotel Villa Bosco\" \/>\n<meta property=\"og:description\" content=\"Hotel Villa Bosco Seite Service Digitaler Schl\u00fcssel Checke bequem online ein Mehr Erfahren Parken Hoteleigene Tiefgaragenpl\u00e4tze Mehr erfahren Fr\u00fchst\u00fccksbuffet Gest\u00e4rkt in den Tag starten Mehr Erfahren Dachgarten Genie\u00dfe ein wundersch\u00f6nes Ambiente Kaffe \/ Tee \/ Minibar Gibt es f\u00fcr Dich in jedem Zimmer Wellness &#038; Gym VISTA SPA &#038; Toskana Spa im Hotel Villa Toskana [&hellip;]\" \/>\n<meta property=\"og:url\" content=\"https:\/\/www.hotel-villa-bosco.de\/de\/service\/\" \/>\n<meta property=\"og:site_name\" content=\"Hotel Villa Bosco\" \/>\n<meta property=\"article:modified_time\" content=\"2024-11-28T14:17:31+00:00\" \/>\n<meta name=\"twitter:card\" content=\"summary_large_image\" \/>\n<meta name=\"twitter:label1\" content=\"Gesch\u00e4tzte Lesezeit\" \/>\n\t<meta name=\"twitter:data1\" content=\"1\u00a0Minute\" \/>\n<script type=\"application\/ld+json\" class=\"yoast-schema-graph\">{\"@context\":\"https:\\\/\\\/schema.org\",\"@graph\":[{\"@type\":\"WebPage\",\"@id\":\"https:\\\/\\\/www.hotel-villa-bosco.de\\\/de\\\/service\\\/\",\"url\":\"https:\\\/\\\/www.hotel-villa-bosco.de\\\/de\\\/service\\\/\",\"name\":\"Service - Hotel Villa Bosco\",\"isPartOf\":{\"@id\":\"https:\\\/\\\/www.hotel-villa-bosco.de\\\/de\\\/#website\"},\"datePublished\":\"2023-02-06T09:05:24+00:00\",\"dateModified\":\"2024-11-28T14:17:31+00:00\",\"breadcrumb\":{\"@id\":\"https:\\\/\\\/www.hotel-villa-bosco.de\\\/de\\\/service\\\/#breadcrumb\"},\"inLanguage\":\"de\",\"potentialAction\":[{\"@type\":\"ReadAction\",\"target\":[\"https:\\\/\\\/www.hotel-villa-bosco.de\\\/de\\\/service\\\/\"]}]},{\"@type\":\"BreadcrumbList\",\"@id\":\"https:\\\/\\\/www.hotel-villa-bosco.de\\\/de\\\/service\\\/#breadcrumb\",\"itemListElement\":[{\"@type\":\"ListItem\",\"position\":1,\"name\":\"Startseite\",\"item\":\"https:\\\/\\\/www.hotel-villa-bosco.de\\\/de\\\/\"},{\"@type\":\"ListItem\",\"position\":2,\"name\":\"Service\"}]},{\"@type\":\"WebSite\",\"@id\":\"https:\\\/\\\/www.hotel-villa-bosco.de\\\/de\\\/#website\",\"url\":\"https:\\\/\\\/www.hotel-villa-bosco.de\\\/de\\\/\",\"name\":\"Hotel Villa Bosco\",\"description\":\"\",\"publisher\":{\"@id\":\"https:\\\/\\\/www.hotel-villa-bosco.de\\\/de\\\/#organization\"},\"potentialAction\":[{\"@type\":\"SearchAction\",\"target\":{\"@type\":\"EntryPoint\",\"urlTemplate\":\"https:\\\/\\\/www.hotel-villa-bosco.de\\\/de\\\/?s={search_term_string}\"},\"query-input\":{\"@type\":\"PropertyValueSpecification\",\"valueRequired\":true,\"valueName\":\"search_term_string\"}}],\"inLanguage\":\"de\"},{\"@type\":\"Organization\",\"@id\":\"https:\\\/\\\/www.hotel-villa-bosco.de\\\/de\\\/#organization\",\"name\":\"Hotel Villa Bosco\",\"url\":\"https:\\\/\\\/www.hotel-villa-bosco.de\\\/de\\\/\",\"logo\":{\"@type\":\"ImageObject\",\"inLanguage\":\"de\",\"@id\":\"https:\\\/\\\/www.hotel-villa-bosco.de\\\/de\\\/#\\\/schema\\\/logo\\\/image\\\/\",\"url\":\"https:\\\/\\\/www.hotel-villa-bosco.de\\\/wp-content\\\/uploads\\\/sites\\\/2\\\/2023\\\/01\\\/cropped-003-VB-Logo-Einfarbig-Ab2021.png\",\"contentUrl\":\"https:\\\/\\\/www.hotel-villa-bosco.de\\\/wp-content\\\/uploads\\\/sites\\\/2\\\/2023\\\/01\\\/cropped-003-VB-Logo-Einfarbig-Ab2021.png\",\"width\":703,\"height\":450,\"caption\":\"Hotel Villa Bosco\"},\"image\":{\"@id\":\"https:\\\/\\\/www.hotel-villa-bosco.de\\\/de\\\/#\\\/schema\\\/logo\\\/image\\\/\"}}]}<\/script>\n<!-- \/ Yoast SEO plugin. -->","yoast_head_json":{"title":"Service - Hotel Villa Bosco","robots":{"index":"index","follow":"follow","max-snippet":"max-snippet:-1","max-image-preview":"max-image-preview:large","max-video-preview":"max-video-preview:-1"},"canonical":"https:\/\/www.hotel-villa-bosco.de\/de\/service\/","og_locale":"de_DE","og_type":"article","og_title":"Service - Hotel Villa Bosco","og_description":"Hotel Villa Bosco Seite Service Digitaler Schl\u00fcssel Checke bequem online ein Mehr Erfahren Parken Hoteleigene Tiefgaragenpl\u00e4tze Mehr erfahren Fr\u00fchst\u00fccksbuffet Gest\u00e4rkt in den Tag starten Mehr Erfahren Dachgarten Genie\u00dfe ein wundersch\u00f6nes Ambiente Kaffe \/ Tee \/ Minibar Gibt es f\u00fcr Dich in jedem Zimmer Wellness &#038; Gym VISTA SPA &#038; Toskana Spa im Hotel Villa Toskana [&hellip;]","og_url":"https:\/\/www.hotel-villa-bosco.de\/de\/service\/","og_site_name":"Hotel Villa Bosco","article_modified_time":"2024-11-28T14:17:31+00:00","twitter_card":"summary_large_image","twitter_misc":{"Gesch\u00e4tzte Lesezeit":"1\u00a0Minute"},"schema":{"@context":"https:\/\/schema.org","@graph":[{"@type":"WebPage","@id":"https:\/\/www.hotel-villa-bosco.de\/de\/service\/","url":"https:\/\/www.hotel-villa-bosco.de\/de\/service\/","name":"Service - Hotel Villa Bosco","isPartOf":{"@id":"https:\/\/www.hotel-villa-bosco.de\/de\/#website"},"datePublished":"2023-02-06T09:05:24+00:00","dateModified":"2024-11-28T14:17:31+00:00","breadcrumb":{"@id":"https:\/\/www.hotel-villa-bosco.de\/de\/service\/#breadcrumb"},"inLanguage":"de","potentialAction":[{"@type":"ReadAction","target":["https:\/\/www.hotel-villa-bosco.de\/de\/service\/"]}]},{"@type":"BreadcrumbList","@id":"https:\/\/www.hotel-villa-bosco.de\/de\/service\/#breadcrumb","itemListElement":[{"@type":"ListItem","position":1,"name":"Startseite","item":"https:\/\/www.hotel-villa-bosco.de\/de\/"},{"@type":"ListItem","position":2,"name":"Service"}]},{"@type":"WebSite","@id":"https:\/\/www.hotel-villa-bosco.de\/de\/#website","url":"https:\/\/www.hotel-villa-bosco.de\/de\/","name":"Hotel Villa Bosco","description":"","publisher":{"@id":"https:\/\/www.hotel-villa-bosco.de\/de\/#organization"},"potentialAction":[{"@type":"SearchAction","target":{"@type":"EntryPoint","urlTemplate":"https:\/\/www.hotel-villa-bosco.de\/de\/?s={search_term_string}"},"query-input":{"@type":"PropertyValueSpecification","valueRequired":true,"valueName":"search_term_string"}}],"inLanguage":"de"},{"@type":"Organization","@id":"https:\/\/www.hotel-villa-bosco.de\/de\/#organization","name":"Hotel Villa Bosco","url":"https:\/\/www.hotel-villa-bosco.de\/de\/","logo":{"@type":"ImageObject","inLanguage":"de","@id":"https:\/\/www.hotel-villa-bosco.de\/de\/#\/schema\/logo\/image\/","url":"https:\/\/www.hotel-villa-bosco.de\/wp-content\/uploads\/sites\/2\/2023\/01\/cropped-003-VB-Logo-Einfarbig-Ab2021.png","contentUrl":"https:\/\/www.hotel-villa-bosco.de\/wp-content\/uploads\/sites\/2\/2023\/01\/cropped-003-VB-Logo-Einfarbig-Ab2021.png","width":703,"height":450,"caption":"Hotel Villa Bosco"},"image":{"@id":"https:\/\/www.hotel-villa-bosco.de\/de\/#\/schema\/logo\/image\/"}}]}},"_links":{"self":[{"href":"https:\/\/www.hotel-villa-bosco.de\/de\/wp-json\/wp\/v2\/pages\/484","targetHints":{"allow":["GET"]}}],"collection":[{"href":"https:\/\/www.hotel-villa-bosco.de\/de\/wp-json\/wp\/v2\/pages"}],"about":[{"href":"https:\/\/www.hotel-villa-bosco.de\/de\/wp-json\/wp\/v2\/types\/page"}],"author":[{"embeddable":true,"href":"https:\/\/www.hotel-villa-bosco.de\/de\/wp-json\/wp\/v2\/users\/2"}],"replies":[{"embeddable":true,"href":"https:\/\/www.hotel-villa-bosco.de\/de\/wp-json\/wp\/v2\/comments?post=484"}],"version-history":[{"count":175,"href":"https:\/\/www.hotel-villa-bosco.de\/de\/wp-json\/wp\/v2\/pages\/484\/revisions"}],"predecessor-version":[{"id":4504,"href":"https:\/\/www.hotel-villa-bosco.de\/de\/wp-json\/wp\/v2\/pages\/484\/revisions\/4504"}],"wp:attachment":[{"href":"https:\/\/www.hotel-villa-bosco.de\/de\/wp-json\/wp\/v2\/media?parent=484"}],"curies":[{"name":"wp","href":"https:\/\/api.w.org\/{rel}","templated":true}]}}