{"id":709,"date":"2023-02-07T18:28:27","date_gmt":"2023-02-07T17:28:27","guid":{"rendered":"http:\/\/wordpress.p634997.webspaceconfig.de\/?page_id=709"},"modified":"2023-04-01T00:41:36","modified_gmt":"2023-03-31T22:41:36","slug":"anfahrt","status":"publish","type":"page","link":"https:\/\/www.hotel-villa-bosco.de\/de\/kontakt\/anfahrt\/","title":{"rendered":"Anfahrt"},"content":{"rendered":"\t\t<div data-elementor-type=\"wp-page\" data-elementor-id=\"709\" class=\"elementor elementor-709\" data-elementor-settings=\"{&quot;element_pack_global_tooltip_width&quot;:{&quot;unit&quot;:&quot;px&quot;,&quot;size&quot;:&quot;&quot;,&quot;sizes&quot;:[]},&quot;element_pack_global_tooltip_width_tablet&quot;:{&quot;unit&quot;:&quot;px&quot;,&quot;size&quot;:&quot;&quot;,&quot;sizes&quot;:[]},&quot;element_pack_global_tooltip_width_mobile&quot;:{&quot;unit&quot;:&quot;px&quot;,&quot;size&quot;:&quot;&quot;,&quot;sizes&quot;:[]},&quot;element_pack_global_tooltip_padding&quot;:{&quot;unit&quot;:&quot;px&quot;,&quot;top&quot;:&quot;&quot;,&quot;right&quot;:&quot;&quot;,&quot;bottom&quot;:&quot;&quot;,&quot;left&quot;:&quot;&quot;,&quot;isLinked&quot;:true},&quot;element_pack_global_tooltip_padding_tablet&quot;:{&quot;unit&quot;:&quot;px&quot;,&quot;top&quot;:&quot;&quot;,&quot;right&quot;:&quot;&quot;,&quot;bottom&quot;:&quot;&quot;,&quot;left&quot;:&quot;&quot;,&quot;isLinked&quot;:true},&quot;element_pack_global_tooltip_padding_mobile&quot;:{&quot;unit&quot;:&quot;px&quot;,&quot;top&quot;:&quot;&quot;,&quot;right&quot;:&quot;&quot;,&quot;bottom&quot;:&quot;&quot;,&quot;left&quot;:&quot;&quot;,&quot;isLinked&quot;:true},&quot;element_pack_global_tooltip_border_radius&quot;:{&quot;unit&quot;:&quot;px&quot;,&quot;top&quot;:&quot;&quot;,&quot;right&quot;:&quot;&quot;,&quot;bottom&quot;:&quot;&quot;,&quot;left&quot;:&quot;&quot;,&quot;isLinked&quot;:true},&quot;element_pack_global_tooltip_border_radius_tablet&quot;:{&quot;unit&quot;:&quot;px&quot;,&quot;top&quot;:&quot;&quot;,&quot;right&quot;:&quot;&quot;,&quot;bottom&quot;:&quot;&quot;,&quot;left&quot;:&quot;&quot;,&quot;isLinked&quot;:true},&quot;element_pack_global_tooltip_border_radius_mobile&quot;:{&quot;unit&quot;:&quot;px&quot;,&quot;top&quot;:&quot;&quot;,&quot;right&quot;:&quot;&quot;,&quot;bottom&quot;:&quot;&quot;,&quot;left&quot;:&quot;&quot;,&quot;isLinked&quot;:true}}\" data-elementor-post-type=\"page\">\n\t\t\t\t<div class=\"elementor-element elementor-element-5c52788 e-con-full e-flex e-con e-parent\" data-id=\"5c52788\" data-element_type=\"container\" data-e-type=\"container\" data-settings=\"{&quot;background_background&quot;:&quot;classic&quot;}\">\n\t\t\t\t<\/div>\n\t\t<div class=\"elementor-element elementor-element-d838e86 e-flex e-con-boxed e-con e-parent\" data-id=\"d838e86\" data-element_type=\"container\" data-e-type=\"container\" data-settings=\"{&quot;background_background&quot;:&quot;classic&quot;}\">\n\t\t\t\t\t<div class=\"e-con-inner\">\n\t\t<div class=\"elementor-element elementor-element-27d082f e-con-full e-flex e-con e-parent\" data-id=\"27d082f\" data-element_type=\"container\" data-e-type=\"container\">\n\t\t\t\t<div class=\"elementor-element elementor-element-4196477 elementor-widget elementor-widget-bdt-breadcrumbs\" data-id=\"4196477\" data-element_type=\"widget\" data-e-type=\"widget\" data-widget_type=\"bdt-breadcrumbs.default\">\n\t\t\t\t<div class=\"elementor-widget-container\">\n\t\t\t\t\t<div class='bdt-ep-breadcrumbs-wrapper'><ul class=\"bdt-ep-breadcrumb breadcrumb-align-left  \"><li><a href=\"https:\/\/www.hotel-villa-bosco.de\/de\/\">Hotel Villa Bosco<\/a><\/li>\n<li><a href=\"https:\/\/www.hotel-villa-bosco.de\/de\/kontakt\/\">Kontakt<\/a><\/li>\n<li><span> Anfahrt<\/span><\/li>\n<\/ul><\/div>\t\t\t\t<\/div>\n\t\t\t\t<\/div>\n\t\t\t\t<\/div>\n\t\t\t\t\t<\/div>\n\t\t\t\t<\/div>\n\t\t<div class=\"elementor-element elementor-element-1dfc6db e-flex e-con-boxed e-con e-parent\" data-id=\"1dfc6db\" data-element_type=\"container\" data-e-type=\"container\" data-settings=\"{&quot;background_background&quot;:&quot;classic&quot;}\">\n\t\t\t\t\t<div class=\"e-con-inner\">\n\t\t<div class=\"elementor-element elementor-element-a9f7bf5 e-con-full e-flex e-con e-parent\" data-id=\"a9f7bf5\" data-element_type=\"container\" data-e-type=\"container\">\n\t\t<div class=\"elementor-element elementor-element-30225a1 e-con-full elementor-hidden-tablet elementor-hidden-mobile e-flex e-con e-parent\" data-id=\"30225a1\" data-element_type=\"container\" data-e-type=\"container\">\n\t\t\t\t<div class=\"elementor-element elementor-element-a0db95d elementor-nav-menu--dropdown-none elementor-widget elementor-widget-nav-menu\" data-id=\"a0db95d\" data-element_type=\"widget\" data-e-type=\"widget\" data-settings=\"{&quot;layout&quot;:&quot;vertical&quot;,&quot;submenu_icon&quot;:{&quot;value&quot;:&quot;&lt;i class=\\&quot;fas fa-caret-down\\&quot; aria-hidden=\\&quot;true\\&quot;&gt;&lt;\\\/i&gt;&quot;,&quot;library&quot;:&quot;fa-solid&quot;}}\" data-widget_type=\"nav-menu.default\">\n\t\t\t\t<div class=\"elementor-widget-container\">\n\t\t\t\t\t\t\t\t<nav aria-label=\"Men\u00fc\" class=\"elementor-nav-menu--main elementor-nav-menu__container elementor-nav-menu--layout-vertical e--pointer-none\">\n\t\t\t\t<ul id=\"menu-1-a0db95d\" class=\"elementor-nav-menu sm-vertical\"><li class=\"menu-item menu-item-type-post_type menu-item-object-page menu-item-1155\"><a href=\"https:\/\/www.hotel-villa-bosco.de\/de\/kontakt\/anfahrt\/\" class=\"elementor-item\">Anfahrt<\/a><\/li>\n<li class=\"menu-item menu-item-type-post_type menu-item-object-page menu-item-1049\"><a href=\"https:\/\/www.hotel-villa-bosco.de\/de\/kontakt\/hotelinformationen\/\" class=\"elementor-item\">Hotelinformationen<\/a><\/li>\n<li class=\"menu-item menu-item-type-post_type menu-item-object-page menu-item-1048\"><a href=\"https:\/\/www.hotel-villa-bosco.de\/de\/kontakt\/broschuren\/\" class=\"elementor-item\">Brosch\u00fcren<\/a><\/li>\n<\/ul>\t\t\t<\/nav>\n\t\t\t\t\t\t<nav class=\"elementor-nav-menu--dropdown elementor-nav-menu__container\" aria-hidden=\"true\">\n\t\t\t\t<ul id=\"menu-2-a0db95d\" class=\"elementor-nav-menu sm-vertical\"><li class=\"menu-item menu-item-type-post_type menu-item-object-page menu-item-1155\"><a href=\"https:\/\/www.hotel-villa-bosco.de\/de\/kontakt\/anfahrt\/\" class=\"elementor-item\" tabindex=\"-1\">Anfahrt<\/a><\/li>\n<li class=\"menu-item menu-item-type-post_type menu-item-object-page menu-item-1049\"><a href=\"https:\/\/www.hotel-villa-bosco.de\/de\/kontakt\/hotelinformationen\/\" class=\"elementor-item\" tabindex=\"-1\">Hotelinformationen<\/a><\/li>\n<li class=\"menu-item menu-item-type-post_type menu-item-object-page menu-item-1048\"><a href=\"https:\/\/www.hotel-villa-bosco.de\/de\/kontakt\/broschuren\/\" class=\"elementor-item\" tabindex=\"-1\">Brosch\u00fcren<\/a><\/li>\n<\/ul>\t\t\t<\/nav>\n\t\t\t\t\t\t<\/div>\n\t\t\t\t<\/div>\n\t\t\t\t<\/div>\n\t\t<div class=\"elementor-element elementor-element-4504389 e-con-full e-flex e-con e-parent\" data-id=\"4504389\" data-element_type=\"container\" data-e-type=\"container\">\n\t\t\t\t<div class=\"elementor-element elementor-element-b591879 elementor-widget elementor-widget-heading\" data-id=\"b591879\" data-element_type=\"widget\" data-e-type=\"widget\" data-widget_type=\"heading.default\">\n\t\t\t\t<div class=\"elementor-widget-container\">\n\t\t\t\t\t<h2 class=\"elementor-heading-title elementor-size-default\">Anfahrt<\/h2>\t\t\t\t<\/div>\n\t\t\t\t<\/div>\n\t\t\t\t<div class=\"elementor-element elementor-element-975ad95 elementor-widget elementor-widget-text-editor\" data-id=\"975ad95\" data-element_type=\"widget\" data-e-type=\"widget\" data-widget_type=\"text-editor.default\">\n\t\t\t\t<div class=\"elementor-widget-container\">\n\t\t\t\t\t\t\t\t\t<b> Villa Bosco, Marion Schreiber e.K<\/b> | Hauptstra\u00dfe 14-18 | D-69190 Walldorf\t\t\t\t\t\t\t\t<\/div>\n\t\t\t\t<\/div>\n\t\t\t\t<div class=\"elementor-element elementor-element-12ed339 elementor-widget__width-initial elementor-widget elementor-widget-google_maps\" data-id=\"12ed339\" data-element_type=\"widget\" data-e-type=\"widget\" data-widget_type=\"google_maps.default\">\n\t\t\t\t<div class=\"elementor-widget-container\">\n\t\t\t\t\t\t\t<div class=\"elementor-custom-embed\">\n\t\t\t <div class=\"brlbs-cmpnt-container brlbs-cmpnt-content-blocker brlbs-cmpnt-with-individual-styles\" data-borlabs-cookie-content-blocker-id=\"google-maps\" data-borlabs-cookie-content=\"PGlmcmFtZSBsb2FkaW5nPSJsYXp5IgoJCQkJCXNyYz0iaHR0cHM6Ly9tYXBzLmdvb2dsZS5jb20vbWFwcz9xPVZpbGxhJTIwYm9zY28mIzAzODt0PW0mIzAzODt6PTE1JiMwMzg7b3V0cHV0PWVtYmVkJiMwMzg7aXdsb2M9bmVhciIKCQkJCQl0aXRsZT0iVmlsbGEgYm9zY28iCgkJCQkJYXJpYS1sYWJlbD0iVmlsbGEgYm9zY28iCgkJCT48L2lmcmFtZT4=\"><div class=\"brlbs-cmpnt-cb-preset-b brlbs-cmpnt-cb-google-maps\"> <div class=\"brlbs-cmpnt-cb-thumbnail\" style=\"background-image: url('https:\/\/www.hotel-villa-bosco.de\/wp-content\/uploads\/borlabs-cookie\/2\/brlbs-cb-google-maps-main.png')\"><\/div> <div class=\"brlbs-cmpnt-cb-main\"> <div class=\"brlbs-cmpnt-cb-content\"> <p class=\"brlbs-cmpnt-cb-description\">Sie sehen gerade einen Platzhalterinhalt von <strong>Google Maps<\/strong>. Um auf den eigentlichen Inhalt zuzugreifen, klicken Sie auf die Schaltfl\u00e4che unten. Bitte beachten Sie, dass dabei Daten an Drittanbieter weitergegeben werden.<\/p> <a class=\"brlbs-cmpnt-cb-provider-toggle\" href=\"#\" data-borlabs-cookie-show-provider-information role=\"button\">Mehr Informationen<\/a> <\/div> <div class=\"brlbs-cmpnt-cb-buttons\"> <a class=\"brlbs-cmpnt-cb-btn\" href=\"#\" data-borlabs-cookie-unblock role=\"button\">Inhalt entsperren<\/a> <a class=\"brlbs-cmpnt-cb-btn\" href=\"#\" data-borlabs-cookie-accept-service role=\"button\" style=\"display: inherit\">Erforderlichen Service akzeptieren und Inhalte entsperren<\/a> <\/div> <\/div> <\/div><\/div>\n\t\t<\/div>\n\t\t\t\t\t\t<\/div>\n\t\t\t\t<\/div>\n\t\t<div class=\"elementor-element elementor-element-900df20 e-flex e-con-boxed e-con e-parent\" data-id=\"900df20\" data-element_type=\"container\" data-e-type=\"container\">\n\t\t\t\t\t<div class=\"e-con-inner\">\n\t\t<div class=\"elementor-element elementor-element-84800e9 e-flex e-con-boxed e-con e-parent\" data-id=\"84800e9\" data-element_type=\"container\" data-e-type=\"container\">\n\t\t\t\t\t<div class=\"e-con-inner\">\n\t\t\t\t<div class=\"elementor-element elementor-element-3e411d1 elementor-widget elementor-widget-heading\" data-id=\"3e411d1\" data-element_type=\"widget\" data-e-type=\"widget\" data-widget_type=\"heading.default\">\n\t\t\t\t<div class=\"elementor-widget-container\">\n\t\t\t\t\t<h2 class=\"elementor-heading-title elementor-size-default\">Parken<\/h2>\t\t\t\t<\/div>\n\t\t\t\t<\/div>\n\t\t\t\t<div class=\"elementor-element elementor-element-b271d6c elementor-widget elementor-widget-text-editor\" data-id=\"b271d6c\" data-element_type=\"widget\" data-e-type=\"widget\" data-widget_type=\"text-editor.default\">\n\t\t\t\t<div class=\"elementor-widget-container\">\n\t\t\t\t\t\t\t\t\tDir stehen kostenfreie Parkpl\u00e4tze in unserer Tiefgarage zur Verf\u00fcgung. Die Einfahrt befindet sich hinter dem Hotel, daher im Navi die Marktstra\u00dfe eingeben. Da es nur eine begrenzte Anzahl an Parkpl\u00e4tzen gibt kannst Du Alternativ auch im Parkhaus Drehscheibe parken.<br><br>\n\nParkhaus Drehscheibe\n<br><br>\n3 Stunden kostenfrei parken mit Parkscheibe im Zeitraum von:<br>\nMo &#8211; Fr 9:00 Uhr &#8211; 18:00 Uhr<br>\nSa 9:00 Uhr &#8211; 14:00 Uhr\n<br><br>\nKostenfreies Parken \u00fcber Nacht von:<br>\nMo &#8211; Fr 18:00 &#8211; 9:00 Uhr<br>\nSa 14:00 &#8211; 9:00 Uhr\t\t\t\t\t\t\t\t<\/div>\n\t\t\t\t<\/div>\n\t\t\t\t\t<\/div>\n\t\t\t\t<\/div>\n\t\t<div class=\"elementor-element elementor-element-8acdbdb e-flex e-con-boxed e-con e-parent\" data-id=\"8acdbdb\" data-element_type=\"container\" data-e-type=\"container\">\n\t\t\t\t\t<div class=\"e-con-inner\">\n\t\t\t\t<div class=\"elementor-element elementor-element-5b9f08e elementor-widget elementor-widget-heading\" data-id=\"5b9f08e\" data-element_type=\"widget\" data-e-type=\"widget\" data-widget_type=\"heading.default\">\n\t\t\t\t<div class=\"elementor-widget-container\">\n\t\t\t\t\t<h2 class=\"elementor-heading-title elementor-size-default\">Anreise mit der Bahn<\/h2>\t\t\t\t<\/div>\n\t\t\t\t<\/div>\n\t\t\t\t<div class=\"elementor-element elementor-element-fa39865 elementor-widget elementor-widget-text-editor\" data-id=\"fa39865\" data-element_type=\"widget\" data-e-type=\"widget\" data-widget_type=\"text-editor.default\">\n\t\t\t\t<div class=\"elementor-widget-container\">\n\t\t\t\t\t\t\t\t\t<p>Bahnhof: Wiesloch-Walldorf<br \/><br \/>Vom Bahnhof Wiesloch-Walldorf fahren die Buslinien 799, 750 und 708 zur Haltestelle Drehscheibe.<\/p><p><br \/>Das Hotel Villa Bosco ist von der Haltestelle fu\u00dfl\u00e4ufig 2 Minuten entfernt.<\/p>\t\t\t\t\t\t\t\t<\/div>\n\t\t\t\t<\/div>\n\t\t\t\t\t<\/div>\n\t\t\t\t<\/div>\n\t\t\t\t\t<\/div>\n\t\t\t\t<\/div>\n\t\t\t\t<\/div>\n\t\t\t\t<\/div>\n\t\t\t\t\t<\/div>\n\t\t\t\t<\/div>\n\t\t\t\t<\/div>\n\t\t","protected":false},"excerpt":{"rendered":"<p>Hotel Villa Bosco Seite Anfahrt Villa Bosco, Marion Schreiber e.K | Hauptstra\u00dfe 14-18 | D-69190 Walldorf Sie sehen gerade einen Platzhalterinhalt von Google Maps. Um auf den eigentlichen Inhalt zuzugreifen, klicken Sie auf die Schaltfl\u00e4che unten. Bitte beachten Sie, dass dabei Daten an Drittanbieter weitergegeben werden. Mehr Informationen Inhalt entsperren Erforderlichen Service akzeptieren und Inhalte [&hellip;]<\/p>\n","protected":false},"author":2,"featured_media":0,"parent":691,"menu_order":0,"comment_status":"closed","ping_status":"closed","template":"","meta":{"footnotes":""},"class_list":["post-709","page","type-page","status-publish","hentry"],"yoast_head":"<!-- This site is optimized with the Yoast SEO plugin v27.3 - https:\/\/yoast.com\/product\/yoast-seo-wordpress\/ -->\n<title>Anfahrt - Hotel Villa Bosco<\/title>\n<meta name=\"robots\" content=\"index, follow, max-snippet:-1, max-image-preview:large, max-video-preview:-1\" \/>\n<link rel=\"canonical\" href=\"https:\/\/www.hotel-villa-bosco.de\/de\/kontakt\/anfahrt\/\" \/>\n<meta property=\"og:locale\" content=\"de_DE\" \/>\n<meta property=\"og:type\" content=\"article\" \/>\n<meta property=\"og:title\" content=\"Anfahrt - Hotel Villa Bosco\" \/>\n<meta property=\"og:description\" content=\"Hotel Villa Bosco Seite Anfahrt Villa Bosco, Marion Schreiber e.K | Hauptstra\u00dfe 14-18 | D-69190 Walldorf Sie sehen gerade einen Platzhalterinhalt von Google Maps. Um auf den eigentlichen Inhalt zuzugreifen, klicken Sie auf die Schaltfl\u00e4che unten. Bitte beachten Sie, dass dabei Daten an Drittanbieter weitergegeben werden. Mehr Informationen Inhalt entsperren Erforderlichen Service akzeptieren und Inhalte [&hellip;]\" \/>\n<meta property=\"og:url\" content=\"https:\/\/www.hotel-villa-bosco.de\/de\/kontakt\/anfahrt\/\" \/>\n<meta property=\"og:site_name\" content=\"Hotel Villa Bosco\" \/>\n<meta property=\"article:modified_time\" content=\"2023-03-31T22:41:36+00:00\" \/>\n<meta name=\"twitter:card\" content=\"summary_large_image\" \/>\n<meta name=\"twitter:label1\" content=\"Gesch\u00e4tzte Lesezeit\" \/>\n\t<meta name=\"twitter:data1\" content=\"1\u00a0Minute\" \/>\n<script type=\"application\/ld+json\" class=\"yoast-schema-graph\">{\"@context\":\"https:\\\/\\\/schema.org\",\"@graph\":[{\"@type\":\"WebPage\",\"@id\":\"https:\\\/\\\/www.hotel-villa-bosco.de\\\/de\\\/kontakt\\\/anfahrt\\\/\",\"url\":\"https:\\\/\\\/www.hotel-villa-bosco.de\\\/de\\\/kontakt\\\/anfahrt\\\/\",\"name\":\"Anfahrt - Hotel Villa Bosco\",\"isPartOf\":{\"@id\":\"https:\\\/\\\/www.hotel-villa-bosco.de\\\/de\\\/#website\"},\"datePublished\":\"2023-02-07T17:28:27+00:00\",\"dateModified\":\"2023-03-31T22:41:36+00:00\",\"breadcrumb\":{\"@id\":\"https:\\\/\\\/www.hotel-villa-bosco.de\\\/de\\\/kontakt\\\/anfahrt\\\/#breadcrumb\"},\"inLanguage\":\"de\",\"potentialAction\":[{\"@type\":\"ReadAction\",\"target\":[\"https:\\\/\\\/www.hotel-villa-bosco.de\\\/de\\\/kontakt\\\/anfahrt\\\/\"]}]},{\"@type\":\"BreadcrumbList\",\"@id\":\"https:\\\/\\\/www.hotel-villa-bosco.de\\\/de\\\/kontakt\\\/anfahrt\\\/#breadcrumb\",\"itemListElement\":[{\"@type\":\"ListItem\",\"position\":1,\"name\":\"Startseite\",\"item\":\"https:\\\/\\\/www.hotel-villa-bosco.de\\\/de\\\/\"},{\"@type\":\"ListItem\",\"position\":2,\"name\":\"Kontakt\",\"item\":\"https:\\\/\\\/www.hotel-villa-bosco.de\\\/de\\\/kontakt\\\/\"},{\"@type\":\"ListItem\",\"position\":3,\"name\":\"Anfahrt\"}]},{\"@type\":\"WebSite\",\"@id\":\"https:\\\/\\\/www.hotel-villa-bosco.de\\\/de\\\/#website\",\"url\":\"https:\\\/\\\/www.hotel-villa-bosco.de\\\/de\\\/\",\"name\":\"Hotel Villa Bosco\",\"description\":\"\",\"publisher\":{\"@id\":\"https:\\\/\\\/www.hotel-villa-bosco.de\\\/de\\\/#organization\"},\"potentialAction\":[{\"@type\":\"SearchAction\",\"target\":{\"@type\":\"EntryPoint\",\"urlTemplate\":\"https:\\\/\\\/www.hotel-villa-bosco.de\\\/de\\\/?s={search_term_string}\"},\"query-input\":{\"@type\":\"PropertyValueSpecification\",\"valueRequired\":true,\"valueName\":\"search_term_string\"}}],\"inLanguage\":\"de\"},{\"@type\":\"Organization\",\"@id\":\"https:\\\/\\\/www.hotel-villa-bosco.de\\\/de\\\/#organization\",\"name\":\"Hotel Villa Bosco\",\"url\":\"https:\\\/\\\/www.hotel-villa-bosco.de\\\/de\\\/\",\"logo\":{\"@type\":\"ImageObject\",\"inLanguage\":\"de\",\"@id\":\"https:\\\/\\\/www.hotel-villa-bosco.de\\\/de\\\/#\\\/schema\\\/logo\\\/image\\\/\",\"url\":\"https:\\\/\\\/www.hotel-villa-bosco.de\\\/wp-content\\\/uploads\\\/sites\\\/2\\\/2023\\\/01\\\/cropped-003-VB-Logo-Einfarbig-Ab2021.png\",\"contentUrl\":\"https:\\\/\\\/www.hotel-villa-bosco.de\\\/wp-content\\\/uploads\\\/sites\\\/2\\\/2023\\\/01\\\/cropped-003-VB-Logo-Einfarbig-Ab2021.png\",\"width\":703,\"height\":450,\"caption\":\"Hotel Villa Bosco\"},\"image\":{\"@id\":\"https:\\\/\\\/www.hotel-villa-bosco.de\\\/de\\\/#\\\/schema\\\/logo\\\/image\\\/\"}}]}<\/script>\n<!-- \/ Yoast SEO plugin. -->","yoast_head_json":{"title":"Anfahrt - Hotel Villa Bosco","robots":{"index":"index","follow":"follow","max-snippet":"max-snippet:-1","max-image-preview":"max-image-preview:large","max-video-preview":"max-video-preview:-1"},"canonical":"https:\/\/www.hotel-villa-bosco.de\/de\/kontakt\/anfahrt\/","og_locale":"de_DE","og_type":"article","og_title":"Anfahrt - Hotel Villa Bosco","og_description":"Hotel Villa Bosco Seite Anfahrt Villa Bosco, Marion Schreiber e.K | Hauptstra\u00dfe 14-18 | D-69190 Walldorf Sie sehen gerade einen Platzhalterinhalt von Google Maps. Um auf den eigentlichen Inhalt zuzugreifen, klicken Sie auf die Schaltfl\u00e4che unten. Bitte beachten Sie, dass dabei Daten an Drittanbieter weitergegeben werden. Mehr Informationen Inhalt entsperren Erforderlichen Service akzeptieren und Inhalte [&hellip;]","og_url":"https:\/\/www.hotel-villa-bosco.de\/de\/kontakt\/anfahrt\/","og_site_name":"Hotel Villa Bosco","article_modified_time":"2023-03-31T22:41:36+00:00","twitter_card":"summary_large_image","twitter_misc":{"Gesch\u00e4tzte Lesezeit":"1\u00a0Minute"},"schema":{"@context":"https:\/\/schema.org","@graph":[{"@type":"WebPage","@id":"https:\/\/www.hotel-villa-bosco.de\/de\/kontakt\/anfahrt\/","url":"https:\/\/www.hotel-villa-bosco.de\/de\/kontakt\/anfahrt\/","name":"Anfahrt - Hotel Villa Bosco","isPartOf":{"@id":"https:\/\/www.hotel-villa-bosco.de\/de\/#website"},"datePublished":"2023-02-07T17:28:27+00:00","dateModified":"2023-03-31T22:41:36+00:00","breadcrumb":{"@id":"https:\/\/www.hotel-villa-bosco.de\/de\/kontakt\/anfahrt\/#breadcrumb"},"inLanguage":"de","potentialAction":[{"@type":"ReadAction","target":["https:\/\/www.hotel-villa-bosco.de\/de\/kontakt\/anfahrt\/"]}]},{"@type":"BreadcrumbList","@id":"https:\/\/www.hotel-villa-bosco.de\/de\/kontakt\/anfahrt\/#breadcrumb","itemListElement":[{"@type":"ListItem","position":1,"name":"Startseite","item":"https:\/\/www.hotel-villa-bosco.de\/de\/"},{"@type":"ListItem","position":2,"name":"Kontakt","item":"https:\/\/www.hotel-villa-bosco.de\/de\/kontakt\/"},{"@type":"ListItem","position":3,"name":"Anfahrt"}]},{"@type":"WebSite","@id":"https:\/\/www.hotel-villa-bosco.de\/de\/#website","url":"https:\/\/www.hotel-villa-bosco.de\/de\/","name":"Hotel Villa Bosco","description":"","publisher":{"@id":"https:\/\/www.hotel-villa-bosco.de\/de\/#organization"},"potentialAction":[{"@type":"SearchAction","target":{"@type":"EntryPoint","urlTemplate":"https:\/\/www.hotel-villa-bosco.de\/de\/?s={search_term_string}"},"query-input":{"@type":"PropertyValueSpecification","valueRequired":true,"valueName":"search_term_string"}}],"inLanguage":"de"},{"@type":"Organization","@id":"https:\/\/www.hotel-villa-bosco.de\/de\/#organization","name":"Hotel Villa Bosco","url":"https:\/\/www.hotel-villa-bosco.de\/de\/","logo":{"@type":"ImageObject","inLanguage":"de","@id":"https:\/\/www.hotel-villa-bosco.de\/de\/#\/schema\/logo\/image\/","url":"https:\/\/www.hotel-villa-bosco.de\/wp-content\/uploads\/sites\/2\/2023\/01\/cropped-003-VB-Logo-Einfarbig-Ab2021.png","contentUrl":"https:\/\/www.hotel-villa-bosco.de\/wp-content\/uploads\/sites\/2\/2023\/01\/cropped-003-VB-Logo-Einfarbig-Ab2021.png","width":703,"height":450,"caption":"Hotel Villa Bosco"},"image":{"@id":"https:\/\/www.hotel-villa-bosco.de\/de\/#\/schema\/logo\/image\/"}}]}},"_links":{"self":[{"href":"https:\/\/www.hotel-villa-bosco.de\/de\/wp-json\/wp\/v2\/pages\/709","targetHints":{"allow":["GET"]}}],"collection":[{"href":"https:\/\/www.hotel-villa-bosco.de\/de\/wp-json\/wp\/v2\/pages"}],"about":[{"href":"https:\/\/www.hotel-villa-bosco.de\/de\/wp-json\/wp\/v2\/types\/page"}],"author":[{"embeddable":true,"href":"https:\/\/www.hotel-villa-bosco.de\/de\/wp-json\/wp\/v2\/users\/2"}],"replies":[{"embeddable":true,"href":"https:\/\/www.hotel-villa-bosco.de\/de\/wp-json\/wp\/v2\/comments?post=709"}],"version-history":[{"count":38,"href":"https:\/\/www.hotel-villa-bosco.de\/de\/wp-json\/wp\/v2\/pages\/709\/revisions"}],"predecessor-version":[{"id":2753,"href":"https:\/\/www.hotel-villa-bosco.de\/de\/wp-json\/wp\/v2\/pages\/709\/revisions\/2753"}],"up":[{"embeddable":true,"href":"https:\/\/www.hotel-villa-bosco.de\/de\/wp-json\/wp\/v2\/pages\/691"}],"wp:attachment":[{"href":"https:\/\/www.hotel-villa-bosco.de\/de\/wp-json\/wp\/v2\/media?parent=709"}],"curies":[{"name":"wp","href":"https:\/\/api.w.org\/{rel}","templated":true}]}}