{"id":737,"date":"2023-02-07T19:46:00","date_gmt":"2023-02-07T18:46:00","guid":{"rendered":"http:\/\/wordpress.p634997.webspaceconfig.de\/?page_id=737"},"modified":"2025-02-01T13:48:23","modified_gmt":"2025-02-01T12:48:23","slug":"restaurant-empfehlungen","status":"publish","type":"page","link":"https:\/\/www.hotel-villa-bosco.de\/de\/erleben\/restaurant-empfehlungen\/","title":{"rendered":"Restaurant Empfehlungen"},"content":{"rendered":"\t\t<div data-elementor-type=\"wp-page\" data-elementor-id=\"737\" class=\"elementor elementor-737\" data-elementor-settings=\"{&quot;element_pack_global_tooltip_width&quot;:{&quot;unit&quot;:&quot;px&quot;,&quot;size&quot;:&quot;&quot;,&quot;sizes&quot;:[]},&quot;element_pack_global_tooltip_width_tablet&quot;:{&quot;unit&quot;:&quot;px&quot;,&quot;size&quot;:&quot;&quot;,&quot;sizes&quot;:[]},&quot;element_pack_global_tooltip_width_mobile&quot;:{&quot;unit&quot;:&quot;px&quot;,&quot;size&quot;:&quot;&quot;,&quot;sizes&quot;:[]},&quot;element_pack_global_tooltip_padding&quot;:{&quot;unit&quot;:&quot;px&quot;,&quot;top&quot;:&quot;&quot;,&quot;right&quot;:&quot;&quot;,&quot;bottom&quot;:&quot;&quot;,&quot;left&quot;:&quot;&quot;,&quot;isLinked&quot;:true},&quot;element_pack_global_tooltip_padding_tablet&quot;:{&quot;unit&quot;:&quot;px&quot;,&quot;top&quot;:&quot;&quot;,&quot;right&quot;:&quot;&quot;,&quot;bottom&quot;:&quot;&quot;,&quot;left&quot;:&quot;&quot;,&quot;isLinked&quot;:true},&quot;element_pack_global_tooltip_padding_mobile&quot;:{&quot;unit&quot;:&quot;px&quot;,&quot;top&quot;:&quot;&quot;,&quot;right&quot;:&quot;&quot;,&quot;bottom&quot;:&quot;&quot;,&quot;left&quot;:&quot;&quot;,&quot;isLinked&quot;:true},&quot;element_pack_global_tooltip_border_radius&quot;:{&quot;unit&quot;:&quot;px&quot;,&quot;top&quot;:&quot;&quot;,&quot;right&quot;:&quot;&quot;,&quot;bottom&quot;:&quot;&quot;,&quot;left&quot;:&quot;&quot;,&quot;isLinked&quot;:true},&quot;element_pack_global_tooltip_border_radius_tablet&quot;:{&quot;unit&quot;:&quot;px&quot;,&quot;top&quot;:&quot;&quot;,&quot;right&quot;:&quot;&quot;,&quot;bottom&quot;:&quot;&quot;,&quot;left&quot;:&quot;&quot;,&quot;isLinked&quot;:true},&quot;element_pack_global_tooltip_border_radius_mobile&quot;:{&quot;unit&quot;:&quot;px&quot;,&quot;top&quot;:&quot;&quot;,&quot;right&quot;:&quot;&quot;,&quot;bottom&quot;:&quot;&quot;,&quot;left&quot;:&quot;&quot;,&quot;isLinked&quot;:true}}\" data-elementor-post-type=\"page\">\n\t\t\t\t<div class=\"elementor-element elementor-element-5c52788 e-con-full e-flex e-con e-parent\" data-id=\"5c52788\" data-element_type=\"container\" data-e-type=\"container\" data-settings=\"{&quot;background_background&quot;:&quot;classic&quot;}\">\n\t\t\t\t<\/div>\n\t\t<div class=\"elementor-element elementor-element-3747236 e-flex e-con-boxed e-con e-parent\" data-id=\"3747236\" data-element_type=\"container\" data-e-type=\"container\" data-settings=\"{&quot;background_background&quot;:&quot;classic&quot;}\">\n\t\t\t\t\t<div class=\"e-con-inner\">\n\t\t<div class=\"elementor-element elementor-element-cdb772f e-con-full e-flex e-con e-child\" data-id=\"cdb772f\" data-element_type=\"container\" data-e-type=\"container\">\n\t\t\t\t<div class=\"elementor-element elementor-element-f38ce81 elementor-widget elementor-widget-bdt-breadcrumbs\" data-id=\"f38ce81\" data-element_type=\"widget\" data-e-type=\"widget\" data-widget_type=\"bdt-breadcrumbs.default\">\n\t\t\t\t<div class=\"elementor-widget-container\">\n\t\t\t\t\t<div class='bdt-ep-breadcrumbs-wrapper'><ul class=\"bdt-ep-breadcrumb breadcrumb-align-left  \"><li><a href=\"https:\/\/www.hotel-villa-bosco.de\/de\/\">Hotel Villa Bosco<\/a><\/li>\n<li><a href=\"https:\/\/www.hotel-villa-bosco.de\/de\/erleben\/\">Erleben<\/a><\/li>\n<li><span> Restaurant Empfehlungen<\/span><\/li>\n<\/ul><\/div>\t\t\t\t<\/div>\n\t\t\t\t<\/div>\n\t\t\t\t<\/div>\n\t\t\t\t\t<\/div>\n\t\t\t\t<\/div>\n\t\t<div class=\"elementor-element elementor-element-5696078a e-flex e-con-boxed e-con e-parent\" data-id=\"5696078a\" data-element_type=\"container\" data-e-type=\"container\" data-settings=\"{&quot;background_background&quot;:&quot;classic&quot;}\">\n\t\t\t\t\t<div class=\"e-con-inner\">\n\t\t<div class=\"elementor-element elementor-element-1af7f50f e-con-full e-flex e-con e-child\" data-id=\"1af7f50f\" data-element_type=\"container\" data-e-type=\"container\">\n\t\t<div class=\"elementor-element elementor-element-59ff7d0 e-con-full elementor-hidden-tablet elementor-hidden-mobile e-flex e-con e-child\" data-id=\"59ff7d0\" data-element_type=\"container\" data-e-type=\"container\">\n\t\t\t\t<div class=\"elementor-element elementor-element-535b4870 elementor-nav-menu--dropdown-none elementor-widget elementor-widget-nav-menu\" data-id=\"535b4870\" data-element_type=\"widget\" data-e-type=\"widget\" data-settings=\"{&quot;layout&quot;:&quot;vertical&quot;,&quot;submenu_icon&quot;:{&quot;value&quot;:&quot;&lt;i class=\\&quot;fas fa-caret-down\\&quot; aria-hidden=\\&quot;true\\&quot;&gt;&lt;\\\/i&gt;&quot;,&quot;library&quot;:&quot;fa-solid&quot;}}\" data-widget_type=\"nav-menu.default\">\n\t\t\t\t<div class=\"elementor-widget-container\">\n\t\t\t\t\t\t\t\t<nav aria-label=\"Men\u00fc\" class=\"elementor-nav-menu--main elementor-nav-menu__container elementor-nav-menu--layout-vertical e--pointer-none\">\n\t\t\t\t<ul id=\"menu-1-535b4870\" class=\"elementor-nav-menu sm-vertical\"><li class=\"menu-item menu-item-type-custom menu-item-object-custom menu-item-2392\"><a target=\"_blank\" href=\"https:\/\/www.walldorf.de\/\" class=\"elementor-item\">Stadt Walldorf<\/a><\/li>\n<li class=\"menu-item menu-item-type-post_type menu-item-object-page menu-item-1052\"><a href=\"https:\/\/www.hotel-villa-bosco.de\/de\/erleben\/restaurant-empfehlungen\/\" class=\"elementor-item\">Restaurant Empfehlungen<\/a><\/li>\n<li class=\"menu-item menu-item-type-post_type menu-item-object-page menu-item-1051\"><a href=\"https:\/\/www.hotel-villa-bosco.de\/de\/erleben\/events-in-der-region\/\" class=\"elementor-item\">Events in der Region<\/a><\/li>\n<\/ul>\t\t\t<\/nav>\n\t\t\t\t\t\t<nav class=\"elementor-nav-menu--dropdown elementor-nav-menu__container\" aria-hidden=\"true\">\n\t\t\t\t<ul id=\"menu-2-535b4870\" class=\"elementor-nav-menu sm-vertical\"><li class=\"menu-item menu-item-type-custom menu-item-object-custom menu-item-2392\"><a target=\"_blank\" href=\"https:\/\/www.walldorf.de\/\" class=\"elementor-item\" tabindex=\"-1\">Stadt Walldorf<\/a><\/li>\n<li class=\"menu-item menu-item-type-post_type menu-item-object-page menu-item-1052\"><a href=\"https:\/\/www.hotel-villa-bosco.de\/de\/erleben\/restaurant-empfehlungen\/\" class=\"elementor-item\" tabindex=\"-1\">Restaurant Empfehlungen<\/a><\/li>\n<li class=\"menu-item menu-item-type-post_type menu-item-object-page menu-item-1051\"><a href=\"https:\/\/www.hotel-villa-bosco.de\/de\/erleben\/events-in-der-region\/\" class=\"elementor-item\" tabindex=\"-1\">Events in der Region<\/a><\/li>\n<\/ul>\t\t\t<\/nav>\n\t\t\t\t\t\t<\/div>\n\t\t\t\t<\/div>\n\t\t\t\t<\/div>\n\t\t<div class=\"elementor-element elementor-element-6614d49e e-con-full e-flex e-con e-child\" data-id=\"6614d49e\" data-element_type=\"container\" data-e-type=\"container\">\n\t\t\t\t<div class=\"elementor-element elementor-element-4bbe3444 elementor-widget elementor-widget-heading\" data-id=\"4bbe3444\" data-element_type=\"widget\" data-e-type=\"widget\" data-widget_type=\"heading.default\">\n\t\t\t\t<div class=\"elementor-widget-container\">\n\t\t\t\t\t<h2 class=\"elementor-heading-title elementor-size-default\">Restaurant Empfehlungen<\/h2>\t\t\t\t<\/div>\n\t\t\t\t<\/div>\n\t\t\t\t<div class=\"elementor-element elementor-element-11b25d7 elementor-widget elementor-widget-text-editor\" data-id=\"11b25d7\" data-element_type=\"widget\" data-e-type=\"widget\" data-widget_type=\"text-editor.default\">\n\t\t\t\t<div class=\"elementor-widget-container\">\n\t\t\t\t\t\t\t\t\t<p>Sie sind zu Besuch in Walldorf und sind auf der Suche nach einem passenden Restaurant? Hier sind unsere Top 3 Restaurant-Empfehlungen f\u00fcr Sie:<\/p>\t\t\t\t\t\t\t\t<\/div>\n\t\t\t\t<\/div>\n\t\t<div class=\"elementor-element elementor-element-12dec08 e-con-full e-flex e-con e-child\" data-id=\"12dec08\" data-element_type=\"container\" data-e-type=\"container\">\n\t\t\t\t<div class=\"elementor-element elementor-element-2b481a7 elementor-widget elementor-widget-n-accordion\" data-id=\"2b481a7\" data-element_type=\"widget\" data-e-type=\"widget\" data-settings=\"{&quot;default_state&quot;:&quot;expanded&quot;,&quot;max_items_expended&quot;:&quot;one&quot;,&quot;n_accordion_animation_duration&quot;:{&quot;unit&quot;:&quot;ms&quot;,&quot;size&quot;:400,&quot;sizes&quot;:[]}}\" data-widget_type=\"nested-accordion.default\">\n\t\t\t\t<div class=\"elementor-widget-container\">\n\t\t\t\t\t\t\t<div class=\"e-n-accordion\" aria-label=\"Accordion. Open links with Enter or Space, close with Escape, and navigate with Arrow Keys\">\n\t\t\t\t\t\t<details id=\"e-n-accordion-item-4530\" class=\"e-n-accordion-item\" open>\n\t\t\t\t<summary class=\"e-n-accordion-item-title\" data-accordion-index=\"1\" tabindex=\"0\" aria-expanded=\"true\" aria-controls=\"e-n-accordion-item-4530\" >\n\t\t\t\t\t<span class='e-n-accordion-item-title-header'><div class=\"e-n-accordion-item-title-text\"> Restaurant Erbprinz <\/div><\/span>\n\t\t\t\t\t\t\t<span class='e-n-accordion-item-title-icon'>\n\t\t\t<span class='e-opened' ><i aria-hidden=\"true\" class=\"fas fa-minus\"><\/i><\/span>\n\t\t\t<span class='e-closed'><i aria-hidden=\"true\" class=\"fas fa-plus\"><\/i><\/span>\n\t\t<\/span>\n\n\t\t\t\t\t\t<\/summary>\n\t\t\t\t<div role=\"region\" aria-labelledby=\"e-n-accordion-item-4530\" class=\"elementor-element elementor-element-688b881 e-con-full e-flex e-con e-child\" data-id=\"688b881\" data-element_type=\"container\" data-e-type=\"container\">\n\t\t<div role=\"region\" aria-labelledby=\"e-n-accordion-item-4530\" class=\"elementor-element elementor-element-43c945f e-flex e-con-boxed e-con e-child\" data-id=\"43c945f\" data-element_type=\"container\" data-e-type=\"container\">\n\t\t\t\t\t<div class=\"e-con-inner\">\n\t\t\t\t<div class=\"elementor-element elementor-element-db5eb1a elementor-widget elementor-widget-text-editor\" data-id=\"db5eb1a\" data-element_type=\"widget\" data-e-type=\"widget\" data-widget_type=\"text-editor.default\">\n\t\t\t\t<div class=\"elementor-widget-container\">\n\t\t\t\t\t\t\t\t\t<p>Mitten im Kurpf\u00e4lzischen Herzen, genauer gesagt in\u00a0Walldorfer\u00a0Fu\u00dfg\u00e4ngerzone, erleben Sie Gastfreundschaft und schmackhafte Speisen nach eigenen Familienrezepten.<\/p><p>Adresse: Hauptstra\u00dfe 13, 69190 Walldorf\u00a0<\/p><p>Telefon: 06227 6531330<\/p><p>Weitere Informationen finden Sie <a href=\"https:\/\/hotel-restaurant-erbprinz.de\/\">hier<\/a>.<\/p>\t\t\t\t\t\t\t\t<\/div>\n\t\t\t\t<\/div>\n\t\t\t\t\t<\/div>\n\t\t\t\t<\/div>\n\t\t\t\t<\/div>\n\t\t\t\t\t<\/details>\n\t\t\t\t\t\t<details id=\"e-n-accordion-item-4531\" class=\"e-n-accordion-item\" >\n\t\t\t\t<summary class=\"e-n-accordion-item-title\" data-accordion-index=\"2\" tabindex=\"-1\" aria-expanded=\"false\" aria-controls=\"e-n-accordion-item-4531\" >\n\t\t\t\t\t<span class='e-n-accordion-item-title-header'><div class=\"e-n-accordion-item-title-text\"> Marktstube Walldorf <\/div><\/span>\n\t\t\t\t\t\t\t<span class='e-n-accordion-item-title-icon'>\n\t\t\t<span class='e-opened' ><i aria-hidden=\"true\" class=\"fas fa-minus\"><\/i><\/span>\n\t\t\t<span class='e-closed'><i aria-hidden=\"true\" class=\"fas fa-plus\"><\/i><\/span>\n\t\t<\/span>\n\n\t\t\t\t\t\t<\/summary>\n\t\t\t\t<div role=\"region\" aria-labelledby=\"e-n-accordion-item-4531\" class=\"elementor-element elementor-element-eeea455 e-con-full e-flex e-con e-child\" data-id=\"eeea455\" data-element_type=\"container\" data-e-type=\"container\">\n\t\t<div role=\"region\" aria-labelledby=\"e-n-accordion-item-4531\" class=\"elementor-element elementor-element-6fbe547 e-flex e-con-boxed e-con e-child\" data-id=\"6fbe547\" data-element_type=\"container\" data-e-type=\"container\">\n\t\t\t\t\t<div class=\"e-con-inner\">\n\t\t\t\t<div class=\"elementor-element elementor-element-8236c4d elementor-widget elementor-widget-text-editor\" data-id=\"8236c4d\" data-element_type=\"widget\" data-e-type=\"widget\" data-widget_type=\"text-editor.default\">\n\t\t\t\t<div class=\"elementor-widget-container\">\n\t\t\t\t\t\t\t\t\t<p>Hausmannskost ganz traditionell, die gutb\u00fcrgerliche K\u00fcche von der Marktstube lockt mit regionalen und auch mit internationalen Spezialit\u00e4ten. Unser Restaurant bietet Ihnen deftige Speisen, die Ihren Gaumen verzaubern werden<br \/><br \/>Adresse: Hauptstra\u00dfe 20, 60190 Walldorf<\/p><p>Telefon: 06227 2233\u00a0<\/p>\t\t\t\t\t\t\t\t<\/div>\n\t\t\t\t<\/div>\n\t\t\t\t\t<\/div>\n\t\t\t\t<\/div>\n\t\t\t\t<\/div>\n\t\t\t\t\t<\/details>\n\t\t\t\t\t\t<details id=\"e-n-accordion-item-4532\" class=\"e-n-accordion-item\" >\n\t\t\t\t<summary class=\"e-n-accordion-item-title\" data-accordion-index=\"3\" tabindex=\"-1\" aria-expanded=\"false\" aria-controls=\"e-n-accordion-item-4532\" >\n\t\t\t\t\t<span class='e-n-accordion-item-title-header'><div class=\"e-n-accordion-item-title-text\"> Pf\u00e4lzer Hof <\/div><\/span>\n\t\t\t\t\t\t\t<span class='e-n-accordion-item-title-icon'>\n\t\t\t<span class='e-opened' ><i aria-hidden=\"true\" class=\"fas fa-minus\"><\/i><\/span>\n\t\t\t<span class='e-closed'><i aria-hidden=\"true\" class=\"fas fa-plus\"><\/i><\/span>\n\t\t<\/span>\n\n\t\t\t\t\t\t<\/summary>\n\t\t\t\t<div role=\"region\" aria-labelledby=\"e-n-accordion-item-4532\" class=\"elementor-element elementor-element-fb8cdaf e-con-full e-flex e-con e-child\" data-id=\"fb8cdaf\" data-element_type=\"container\" data-e-type=\"container\">\n\t\t<div role=\"region\" aria-labelledby=\"e-n-accordion-item-4532\" class=\"elementor-element elementor-element-af01d9e e-flex e-con-boxed e-con e-child\" data-id=\"af01d9e\" data-element_type=\"container\" data-e-type=\"container\">\n\t\t\t\t\t<div class=\"e-con-inner\">\n\t\t\t\t<div class=\"elementor-element elementor-element-3349316 elementor-widget elementor-widget-text-editor\" data-id=\"3349316\" data-element_type=\"widget\" data-e-type=\"widget\" data-widget_type=\"text-editor.default\">\n\t\t\t\t<div class=\"elementor-widget-container\">\n\t\t\t\t\t\t\t\t\t<p>Der Pf\u00e4lzer Hof liegt im Herzen Walldorfs\u00a0und bietet Ihnen eine griechisch-mediterrane Vielfalt an Speisen.\u00a0<\/p><p>Adresse: Schwetzinger Str. 2, 69190 Walldorf<\/p><p>Telefon: 06227 4191<\/p><p>Weitere Informationen finden Sie <a href=\"https:\/\/www.pfaelzerhofwalldorf.de\/\">hier<\/a>.<\/p>\t\t\t\t\t\t\t\t<\/div>\n\t\t\t\t<\/div>\n\t\t\t\t\t<\/div>\n\t\t\t\t<\/div>\n\t\t\t\t<\/div>\n\t\t\t\t\t<\/details>\n\t\t\t\t\t<\/div>\n\t\t\t\t\t\t<\/div>\n\t\t\t\t<\/div>\n\t\t\t\t<\/div>\n\t\t\t\t<\/div>\n\t\t\t\t<\/div>\n\t\t\t\t\t<\/div>\n\t\t\t\t<\/div>\n\t\t<div class=\"elementor-element elementor-element-e0c992f e-flex e-con-boxed e-con e-parent\" data-id=\"e0c992f\" data-element_type=\"container\" data-e-type=\"container\">\n\t\t\t\t\t<div class=\"e-con-inner\">\n\t\t\t\t\t<\/div>\n\t\t\t\t<\/div>\n\t\t\t\t<\/div>\n\t\t","protected":false},"excerpt":{"rendered":"<p>Hotel Villa Bosco Seite Restaurant Empfehlungen Sie sind zu Besuch in Walldorf und sind auf der Suche nach einem passenden Restaurant? Hier sind unsere Top 3 Restaurant-Empfehlungen f\u00fcr Sie: Restaurant Erbprinz Mitten im Kurpf\u00e4lzischen Herzen, genauer gesagt in\u00a0Walldorfer\u00a0Fu\u00dfg\u00e4ngerzone, erleben Sie Gastfreundschaft und schmackhafte Speisen nach eigenen Familienrezepten. Adresse: Hauptstra\u00dfe 13, 69190 Walldorf\u00a0 Telefon: 06227 6531330 [&hellip;]<\/p>\n","protected":false},"author":2,"featured_media":0,"parent":726,"menu_order":0,"comment_status":"closed","ping_status":"closed","template":"","meta":{"footnotes":""},"class_list":["post-737","page","type-page","status-publish","hentry"],"yoast_head":"<!-- This site is optimized with the Yoast SEO plugin v27.5 - https:\/\/yoast.com\/product\/yoast-seo-wordpress\/ -->\n<title>Restaurant Empfehlungen - Hotel Villa Bosco<\/title>\n<meta name=\"robots\" content=\"index, follow, max-snippet:-1, max-image-preview:large, max-video-preview:-1\" \/>\n<link rel=\"canonical\" href=\"https:\/\/www.hotel-villa-bosco.de\/de\/erleben\/restaurant-empfehlungen\/\" \/>\n<meta property=\"og:locale\" content=\"de_DE\" \/>\n<meta property=\"og:type\" content=\"article\" \/>\n<meta property=\"og:title\" content=\"Restaurant Empfehlungen - Hotel Villa Bosco\" \/>\n<meta property=\"og:description\" content=\"Hotel Villa Bosco Seite Restaurant Empfehlungen Sie sind zu Besuch in Walldorf und sind auf der Suche nach einem passenden Restaurant? Hier sind unsere Top 3 Restaurant-Empfehlungen f\u00fcr Sie: Restaurant Erbprinz Mitten im Kurpf\u00e4lzischen Herzen, genauer gesagt in\u00a0Walldorfer\u00a0Fu\u00dfg\u00e4ngerzone, erleben Sie Gastfreundschaft und schmackhafte Speisen nach eigenen Familienrezepten. Adresse: Hauptstra\u00dfe 13, 69190 Walldorf\u00a0 Telefon: 06227 6531330 [&hellip;]\" \/>\n<meta property=\"og:url\" content=\"https:\/\/www.hotel-villa-bosco.de\/de\/erleben\/restaurant-empfehlungen\/\" \/>\n<meta property=\"og:site_name\" content=\"Hotel Villa Bosco\" \/>\n<meta property=\"article:modified_time\" content=\"2025-02-01T12:48:23+00:00\" \/>\n<meta name=\"twitter:card\" content=\"summary_large_image\" \/>\n<meta name=\"twitter:label1\" content=\"Gesch\u00e4tzte Lesezeit\" \/>\n\t<meta name=\"twitter:data1\" content=\"2\u00a0Minuten\" \/>\n<script type=\"application\/ld+json\" class=\"yoast-schema-graph\">{\"@context\":\"https:\\\/\\\/schema.org\",\"@graph\":[{\"@type\":\"WebPage\",\"@id\":\"https:\\\/\\\/www.hotel-villa-bosco.de\\\/de\\\/erleben\\\/restaurant-empfehlungen\\\/\",\"url\":\"https:\\\/\\\/www.hotel-villa-bosco.de\\\/de\\\/erleben\\\/restaurant-empfehlungen\\\/\",\"name\":\"Restaurant Empfehlungen - Hotel Villa Bosco\",\"isPartOf\":{\"@id\":\"https:\\\/\\\/www.hotel-villa-bosco.de\\\/de\\\/#website\"},\"datePublished\":\"2023-02-07T18:46:00+00:00\",\"dateModified\":\"2025-02-01T12:48:23+00:00\",\"breadcrumb\":{\"@id\":\"https:\\\/\\\/www.hotel-villa-bosco.de\\\/de\\\/erleben\\\/restaurant-empfehlungen\\\/#breadcrumb\"},\"inLanguage\":\"de\",\"potentialAction\":[{\"@type\":\"ReadAction\",\"target\":[\"https:\\\/\\\/www.hotel-villa-bosco.de\\\/de\\\/erleben\\\/restaurant-empfehlungen\\\/\"]}]},{\"@type\":\"BreadcrumbList\",\"@id\":\"https:\\\/\\\/www.hotel-villa-bosco.de\\\/de\\\/erleben\\\/restaurant-empfehlungen\\\/#breadcrumb\",\"itemListElement\":[{\"@type\":\"ListItem\",\"position\":1,\"name\":\"Startseite\",\"item\":\"https:\\\/\\\/www.hotel-villa-bosco.de\\\/de\\\/\"},{\"@type\":\"ListItem\",\"position\":2,\"name\":\"Erleben\",\"item\":\"https:\\\/\\\/www.hotel-villa-bosco.de\\\/de\\\/erleben\\\/\"},{\"@type\":\"ListItem\",\"position\":3,\"name\":\"Restaurant Empfehlungen\"}]},{\"@type\":\"WebSite\",\"@id\":\"https:\\\/\\\/www.hotel-villa-bosco.de\\\/de\\\/#website\",\"url\":\"https:\\\/\\\/www.hotel-villa-bosco.de\\\/de\\\/\",\"name\":\"Hotel Villa Bosco\",\"description\":\"\",\"publisher\":{\"@id\":\"https:\\\/\\\/www.hotel-villa-bosco.de\\\/de\\\/#organization\"},\"potentialAction\":[{\"@type\":\"SearchAction\",\"target\":{\"@type\":\"EntryPoint\",\"urlTemplate\":\"https:\\\/\\\/www.hotel-villa-bosco.de\\\/de\\\/?s={search_term_string}\"},\"query-input\":{\"@type\":\"PropertyValueSpecification\",\"valueRequired\":true,\"valueName\":\"search_term_string\"}}],\"inLanguage\":\"de\"},{\"@type\":\"Organization\",\"@id\":\"https:\\\/\\\/www.hotel-villa-bosco.de\\\/de\\\/#organization\",\"name\":\"Hotel Villa Bosco\",\"url\":\"https:\\\/\\\/www.hotel-villa-bosco.de\\\/de\\\/\",\"logo\":{\"@type\":\"ImageObject\",\"inLanguage\":\"de\",\"@id\":\"https:\\\/\\\/www.hotel-villa-bosco.de\\\/de\\\/#\\\/schema\\\/logo\\\/image\\\/\",\"url\":\"https:\\\/\\\/www.hotel-villa-bosco.de\\\/wp-content\\\/uploads\\\/sites\\\/2\\\/2023\\\/01\\\/cropped-003-VB-Logo-Einfarbig-Ab2021.png\",\"contentUrl\":\"https:\\\/\\\/www.hotel-villa-bosco.de\\\/wp-content\\\/uploads\\\/sites\\\/2\\\/2023\\\/01\\\/cropped-003-VB-Logo-Einfarbig-Ab2021.png\",\"width\":703,\"height\":450,\"caption\":\"Hotel Villa Bosco\"},\"image\":{\"@id\":\"https:\\\/\\\/www.hotel-villa-bosco.de\\\/de\\\/#\\\/schema\\\/logo\\\/image\\\/\"}}]}<\/script>\n<!-- \/ Yoast SEO plugin. -->","yoast_head_json":{"title":"Restaurant Empfehlungen - Hotel Villa Bosco","robots":{"index":"index","follow":"follow","max-snippet":"max-snippet:-1","max-image-preview":"max-image-preview:large","max-video-preview":"max-video-preview:-1"},"canonical":"https:\/\/www.hotel-villa-bosco.de\/de\/erleben\/restaurant-empfehlungen\/","og_locale":"de_DE","og_type":"article","og_title":"Restaurant Empfehlungen - Hotel Villa Bosco","og_description":"Hotel Villa Bosco Seite Restaurant Empfehlungen Sie sind zu Besuch in Walldorf und sind auf der Suche nach einem passenden Restaurant? Hier sind unsere Top 3 Restaurant-Empfehlungen f\u00fcr Sie: Restaurant Erbprinz Mitten im Kurpf\u00e4lzischen Herzen, genauer gesagt in\u00a0Walldorfer\u00a0Fu\u00dfg\u00e4ngerzone, erleben Sie Gastfreundschaft und schmackhafte Speisen nach eigenen Familienrezepten. Adresse: Hauptstra\u00dfe 13, 69190 Walldorf\u00a0 Telefon: 06227 6531330 [&hellip;]","og_url":"https:\/\/www.hotel-villa-bosco.de\/de\/erleben\/restaurant-empfehlungen\/","og_site_name":"Hotel Villa Bosco","article_modified_time":"2025-02-01T12:48:23+00:00","twitter_card":"summary_large_image","twitter_misc":{"Gesch\u00e4tzte Lesezeit":"2\u00a0Minuten"},"schema":{"@context":"https:\/\/schema.org","@graph":[{"@type":"WebPage","@id":"https:\/\/www.hotel-villa-bosco.de\/de\/erleben\/restaurant-empfehlungen\/","url":"https:\/\/www.hotel-villa-bosco.de\/de\/erleben\/restaurant-empfehlungen\/","name":"Restaurant Empfehlungen - Hotel Villa Bosco","isPartOf":{"@id":"https:\/\/www.hotel-villa-bosco.de\/de\/#website"},"datePublished":"2023-02-07T18:46:00+00:00","dateModified":"2025-02-01T12:48:23+00:00","breadcrumb":{"@id":"https:\/\/www.hotel-villa-bosco.de\/de\/erleben\/restaurant-empfehlungen\/#breadcrumb"},"inLanguage":"de","potentialAction":[{"@type":"ReadAction","target":["https:\/\/www.hotel-villa-bosco.de\/de\/erleben\/restaurant-empfehlungen\/"]}]},{"@type":"BreadcrumbList","@id":"https:\/\/www.hotel-villa-bosco.de\/de\/erleben\/restaurant-empfehlungen\/#breadcrumb","itemListElement":[{"@type":"ListItem","position":1,"name":"Startseite","item":"https:\/\/www.hotel-villa-bosco.de\/de\/"},{"@type":"ListItem","position":2,"name":"Erleben","item":"https:\/\/www.hotel-villa-bosco.de\/de\/erleben\/"},{"@type":"ListItem","position":3,"name":"Restaurant Empfehlungen"}]},{"@type":"WebSite","@id":"https:\/\/www.hotel-villa-bosco.de\/de\/#website","url":"https:\/\/www.hotel-villa-bosco.de\/de\/","name":"Hotel Villa Bosco","description":"","publisher":{"@id":"https:\/\/www.hotel-villa-bosco.de\/de\/#organization"},"potentialAction":[{"@type":"SearchAction","target":{"@type":"EntryPoint","urlTemplate":"https:\/\/www.hotel-villa-bosco.de\/de\/?s={search_term_string}"},"query-input":{"@type":"PropertyValueSpecification","valueRequired":true,"valueName":"search_term_string"}}],"inLanguage":"de"},{"@type":"Organization","@id":"https:\/\/www.hotel-villa-bosco.de\/de\/#organization","name":"Hotel Villa Bosco","url":"https:\/\/www.hotel-villa-bosco.de\/de\/","logo":{"@type":"ImageObject","inLanguage":"de","@id":"https:\/\/www.hotel-villa-bosco.de\/de\/#\/schema\/logo\/image\/","url":"https:\/\/www.hotel-villa-bosco.de\/wp-content\/uploads\/sites\/2\/2023\/01\/cropped-003-VB-Logo-Einfarbig-Ab2021.png","contentUrl":"https:\/\/www.hotel-villa-bosco.de\/wp-content\/uploads\/sites\/2\/2023\/01\/cropped-003-VB-Logo-Einfarbig-Ab2021.png","width":703,"height":450,"caption":"Hotel Villa Bosco"},"image":{"@id":"https:\/\/www.hotel-villa-bosco.de\/de\/#\/schema\/logo\/image\/"}}]}},"_links":{"self":[{"href":"https:\/\/www.hotel-villa-bosco.de\/de\/wp-json\/wp\/v2\/pages\/737","targetHints":{"allow":["GET"]}}],"collection":[{"href":"https:\/\/www.hotel-villa-bosco.de\/de\/wp-json\/wp\/v2\/pages"}],"about":[{"href":"https:\/\/www.hotel-villa-bosco.de\/de\/wp-json\/wp\/v2\/types\/page"}],"author":[{"embeddable":true,"href":"https:\/\/www.hotel-villa-bosco.de\/de\/wp-json\/wp\/v2\/users\/2"}],"replies":[{"embeddable":true,"href":"https:\/\/www.hotel-villa-bosco.de\/de\/wp-json\/wp\/v2\/comments?post=737"}],"version-history":[{"count":46,"href":"https:\/\/www.hotel-villa-bosco.de\/de\/wp-json\/wp\/v2\/pages\/737\/revisions"}],"predecessor-version":[{"id":4703,"href":"https:\/\/www.hotel-villa-bosco.de\/de\/wp-json\/wp\/v2\/pages\/737\/revisions\/4703"}],"up":[{"embeddable":true,"href":"https:\/\/www.hotel-villa-bosco.de\/de\/wp-json\/wp\/v2\/pages\/726"}],"wp:attachment":[{"href":"https:\/\/www.hotel-villa-bosco.de\/de\/wp-json\/wp\/v2\/media?parent=737"}],"curies":[{"name":"wp","href":"https:\/\/api.w.org\/{rel}","templated":true}]}}